{"id":104,"date":"2014-12-24T18:28:53","date_gmt":"2014-12-24T17:28:53","guid":{"rendered":"http:\/\/ipmproizvodi.com\/bih\/\/?post_type=product&#038;p=104"},"modified":"2024-05-16T22:00:38","modified_gmt":"2024-05-16T20:00:38","slug":"kako-lekari-manipulisu-zenama","status":"publish","type":"product","link":"https:\/\/ipmproizvodi.com\/bih\/proizvod\/kako-lekari-manipulisu-zenama\/","title":{"rendered":"Kako lekari manipuli\u0161u \u017eenama"},"content":{"rendered":"<div>\u201e\u017dene su \u017ertve toliko opasnih i nepotrebnih medicinskih i hirur\u0161kih intervencija, da mi je muka od gledanja toga \u0161ta im se de\u0161ava dok su u rukama njihovih doktora. Najve\u0107i deo vremena i\u00a0njima je muka.\u201c<\/div>\n<p>Jedna od najboljih knjiga dr Roberta Mendelsona, u kojoj je detaljno opisan podmukao koncept savremene medicinske prakse i njegov \u0161tetan uticaj na zdravlje \u017eena.<\/p>\n","protected":false},"excerpt":{"rendered":"<p>&#8211; Dokazi o manipulacijama savremene medicine<\/p>\n<p><strong><br \/>\nAutor:<\/strong> dr Robert Mendelson<\/p>\n<p><strong>Povez:<\/strong> meki<\/p>\n<p><strong>Broj strana<\/strong>: 208<\/p>\n<p><strong>Format:<\/strong> A5 (21 x 14,5 cm)<\/p>\n","protected":false},"featured_media":105,"template":"","meta":[],"product_brand":[],"product_cat":[38],"product_tag":[41,102],"class_list":{"0":"post-104","1":"product","2":"type-product","3":"status-publish","4":"has-post-thumbnail","6":"product_cat-knjige","7":"product_tag-dr-robert-mendelson","8":"product_tag-kako-lekari-manipulisu-zenama","10":"first","11":"instock","12":"shipping-taxable","13":"purchasable","14":"product-type-simple"},"_links":{"self":[{"href":"https:\/\/ipmproizvodi.com\/bih\/wp-json\/wp\/v2\/product\/104","targetHints":{"allow":["GET"]}}],"collection":[{"href":"https:\/\/ipmproizvodi.com\/bih\/wp-json\/wp\/v2\/product"}],"about":[{"href":"https:\/\/ipmproizvodi.com\/bih\/wp-json\/wp\/v2\/types\/product"}],"wp:featuredmedia":[{"embeddable":true,"href":"https:\/\/ipmproizvodi.com\/bih\/wp-json\/wp\/v2\/media\/105"}],"wp:attachment":[{"href":"https:\/\/ipmproizvodi.com\/bih\/wp-json\/wp\/v2\/media?parent=104"}],"wp:term":[{"taxonomy":"product_brand","embeddable":true,"href":"https:\/\/ipmproizvodi.com\/bih\/wp-json\/wp\/v2\/product_brand?post=104"},{"taxonomy":"product_cat","embeddable":true,"href":"https:\/\/ipmproizvodi.com\/bih\/wp-json\/wp\/v2\/product_cat?post=104"},{"taxonomy":"product_tag","embeddable":true,"href":"https:\/\/ipmproizvodi.com\/bih\/wp-json\/wp\/v2\/product_tag?post=104"}],"curies":[{"name":"wp","href":"https:\/\/api.w.org\/{rel}","templated":true}]}}