{"id":106,"date":"2014-12-24T18:34:42","date_gmt":"2014-12-24T17:34:42","guid":{"rendered":"http:\/\/ipmproizvodi.com\/bih\/\/?post_type=product&#038;p=106"},"modified":"2024-05-16T22:01:00","modified_gmt":"2024-05-16T20:01:00","slug":"kako-odgojiti-zdravo-dete-i-sacuvati-ga-od-lekara","status":"publish","type":"product","link":"https:\/\/ipmproizvodi.com\/bih\/proizvod\/kako-odgojiti-zdravo-dete-i-sacuvati-ga-od-lekara\/","title":{"rendered":"Kako odgojiti zdravo dijete i sa\u010duvati ga od lekara"},"content":{"rendered":"<p>\u201eOva knjiga govori o mom ube\u0111enju da se u savremenoj pedijatriji u Americi i svetu, i drugim granama medicine, \u010dine mnoge lo\u0161e i medicinski neopravdane stvari. To ne zna\u010di da su sami lekari gori ili bezose\u0107ajniji od drugih ljudi, odnosno, nije problem u njihovom karakteru, ve\u0107 se su\u0161tina problema nalazi u samoj savremenoj medicini kao nauci i struci. Ovakvo stanje je manje-vi\u0161e u celom svetu.\u201c<\/p>\n<p>Bestseler Ameri\u010dkog pedijatra dr Roberta Mendelsona, prodat u preko 300.000 primeraka, u kome je detaljno opisan poguban uticaj savremene medicinske prakse na zdravlje deteta, i data uputstva kako da na prirodan i jednostavan na\u010din otklonite zdravstvene probleme kod dece.<\/p>\n","protected":false},"excerpt":{"rendered":"<p>&#8211; Priru\u010dnik za pravilno odgajanje deteta<\/p>\n<p><strong><br \/>\nAutor:<\/strong> dr Robert Mendelson<\/p>\n<p><strong>Povez:<\/strong> Meki<\/p>\n<p><strong>Broj strana: 254<\/strong><\/p>\n<p><strong>Format: <\/strong>A5 (21 x 14,5 cm)<\/p>\n","protected":false},"featured_media":107,"template":"","meta":[],"product_brand":[],"product_cat":[38],"product_tag":[41,103],"class_list":{"0":"post-106","1":"product","2":"type-product","3":"status-publish","4":"has-post-thumbnail","6":"product_cat-knjige","7":"product_tag-dr-robert-mendelson","8":"product_tag-kako-odgojiti-zdravo-dete-i-sacuvati-ga-od-lekara","10":"first","11":"instock","12":"shipping-taxable","13":"purchasable","14":"product-type-simple"},"_links":{"self":[{"href":"https:\/\/ipmproizvodi.com\/bih\/wp-json\/wp\/v2\/product\/106","targetHints":{"allow":["GET"]}}],"collection":[{"href":"https:\/\/ipmproizvodi.com\/bih\/wp-json\/wp\/v2\/product"}],"about":[{"href":"https:\/\/ipmproizvodi.com\/bih\/wp-json\/wp\/v2\/types\/product"}],"wp:featuredmedia":[{"embeddable":true,"href":"https:\/\/ipmproizvodi.com\/bih\/wp-json\/wp\/v2\/media\/107"}],"wp:attachment":[{"href":"https:\/\/ipmproizvodi.com\/bih\/wp-json\/wp\/v2\/media?parent=106"}],"wp:term":[{"taxonomy":"product_brand","embeddable":true,"href":"https:\/\/ipmproizvodi.com\/bih\/wp-json\/wp\/v2\/product_brand?post=106"},{"taxonomy":"product_cat","embeddable":true,"href":"https:\/\/ipmproizvodi.com\/bih\/wp-json\/wp\/v2\/product_cat?post=106"},{"taxonomy":"product_tag","embeddable":true,"href":"https:\/\/ipmproizvodi.com\/bih\/wp-json\/wp\/v2\/product_tag?post=106"}],"curies":[{"name":"wp","href":"https:\/\/api.w.org\/{rel}","templated":true}]}}