{"id":112,"date":"2014-12-24T19:02:10","date_gmt":"2014-12-24T18:02:10","guid":{"rendered":"http:\/\/ipmproizvodi.com\/bih\/\/?post_type=product&#038;p=112"},"modified":"2024-05-16T21:57:36","modified_gmt":"2024-05-16T19:57:36","slug":"cudo-izlijecenja","status":"publish","type":"product","link":"https:\/\/ipmproizvodi.com\/bih\/proizvod\/cudo-izlijecenja\/","title":{"rendered":"\u010cudo izlije\u010denja"},"content":{"rendered":"<p>Knjigu mo\u017eete besplatno pro\u010ditati <a href=\"https:\/\/docs.google.com\/file\/d\/0B1Z5Vh5cerwXbXQ3a2d4ak55bFk\/edit?pli=1\" target=\"_blank\">OVDE.<\/a><\/p>\n<p>Odli\u010dan prikaz principa zdravog \u017eivota pomo\u0107u kojih se mo\u017ee spre\u010diti pojava bolesti &#8211; tema je prvog dela ove knjige. U drugom delu su izneti principi prirodnog le\u010denja pomo\u0107u kojih je mogu\u0107e pobediti svaku bolest.<\/p>\n<p>U tre\u0107em delu knjige su izneti najbolji recepti za pripremanje zdrave i ukusne sirove biljne hrane, ce\u0111enih sokova, gustih i zelenih sokova, kao i obroka u ca\u0161i. U knjizi su predstavljeni i osnovni principi kori\u0161\u0107enja lekovitog bilja.<\/p>\n","protected":false},"excerpt":{"rendered":"<p>&#8211; Priru\u010dnik za unapre\u0111enje zdravlja\u00a0i re\u0161avanje zdravstvenih problema.<\/p>\n<p><strong><br \/>\nAutor:<\/strong> dr Milisav Nikoli\u0107<\/p>\n<p><strong>Povez:<\/strong> tvrdi<\/p>\n<p><strong>Broj strana:<\/strong> 164<\/p>\n<p><strong>Format:<\/strong>\u00a0skra\u0107eni A5 (11,5 x 19 cm)<\/p>\n","protected":false},"featured_media":113,"template":"","meta":[],"product_brand":[],"product_cat":[38],"product_tag":[108,109,176,175],"class_list":{"0":"post-112","1":"product","2":"type-product","3":"status-publish","4":"has-post-thumbnail","6":"product_cat-knjige","7":"product_tag-cudo-izlecenja","8":"product_tag-dr-milisav-nikolic","9":"product_tag-resavanje-zdravstvenih-problema","10":"product_tag-unapredenje-zdravlja","12":"first","13":"instock","14":"shipping-taxable","15":"purchasable","16":"product-type-simple"},"_links":{"self":[{"href":"https:\/\/ipmproizvodi.com\/bih\/wp-json\/wp\/v2\/product\/112","targetHints":{"allow":["GET"]}}],"collection":[{"href":"https:\/\/ipmproizvodi.com\/bih\/wp-json\/wp\/v2\/product"}],"about":[{"href":"https:\/\/ipmproizvodi.com\/bih\/wp-json\/wp\/v2\/types\/product"}],"wp:featuredmedia":[{"embeddable":true,"href":"https:\/\/ipmproizvodi.com\/bih\/wp-json\/wp\/v2\/media\/113"}],"wp:attachment":[{"href":"https:\/\/ipmproizvodi.com\/bih\/wp-json\/wp\/v2\/media?parent=112"}],"wp:term":[{"taxonomy":"product_brand","embeddable":true,"href":"https:\/\/ipmproizvodi.com\/bih\/wp-json\/wp\/v2\/product_brand?post=112"},{"taxonomy":"product_cat","embeddable":true,"href":"https:\/\/ipmproizvodi.com\/bih\/wp-json\/wp\/v2\/product_cat?post=112"},{"taxonomy":"product_tag","embeddable":true,"href":"https:\/\/ipmproizvodi.com\/bih\/wp-json\/wp\/v2\/product_tag?post=112"}],"curies":[{"name":"wp","href":"https:\/\/api.w.org\/{rel}","templated":true}]}}