{"id":386,"date":"2015-01-06T20:24:39","date_gmt":"2015-01-06T19:24:39","guid":{"rendered":"http:\/\/ipmproizvodi.com\/bih\/\/?post_type=product&#038;p=386"},"modified":"2022-02-14T04:16:35","modified_gmt":"2022-02-14T03:16:35","slug":"nacela-zdravog-zivota","status":"publish","type":"product","link":"https:\/\/ipmproizvodi.com\/bih\/proizvod\/nacela-zdravog-zivota\/","title":{"rendered":"Na\u010dela zdravog \u017eivota"},"content":{"rendered":"<p>Kratka i sveobuhvatna knjiga koja obja\u0161njava osnovne principe zdravog na\u010dina \u017eivota i korake koji se trebaju preduzeti da bi se unapredilo zdravlje i spre\u010dile bolesti. Po\u010dnite ispo\u010detka. Ako \u017eelite da napredujete i budete bolja osoba, za to je potreban poseban um. Morate stalno u\u010diti i rasti.<\/p>\n<p>Mo\u017eda \u0107e vas ne\u0161to u ovom izlaganju iznenaditi, ili se ne\u0107ete slo\u017eiti sa ne\u010dim, ali se nemojte ljutiti. Razmi\u0161ljajte o novim idejama, iza\u0111ite iz kalupa da bi bili bolja osoba. Vi to mo\u017eete ako ho\u0107ete.<\/p>\n","protected":false},"excerpt":{"rendered":"<p>&#8211; Osnovni principi zdravog \u017eivota<\/p>\n<p><strong><br \/>\nAutor:<\/strong> dr Pol Volk<\/p>\n<p><strong>Povez:<\/strong> Meki<\/p>\n<p><strong>Broj strana:<\/strong> 80<\/p>\n<p><strong>Format:<\/strong> A6 (14,5 x 10,5 cm)<\/p>\n","protected":false},"featured_media":387,"template":"","meta":[],"product_brand":[],"product_cat":[38],"product_tag":[],"class_list":{"0":"post-386","1":"product","2":"type-product","3":"status-publish","4":"has-post-thumbnail","6":"product_cat-knjige","8":"first","9":"instock","10":"shipping-taxable","11":"purchasable","12":"product-type-simple"},"_links":{"self":[{"href":"https:\/\/ipmproizvodi.com\/bih\/wp-json\/wp\/v2\/product\/386","targetHints":{"allow":["GET"]}}],"collection":[{"href":"https:\/\/ipmproizvodi.com\/bih\/wp-json\/wp\/v2\/product"}],"about":[{"href":"https:\/\/ipmproizvodi.com\/bih\/wp-json\/wp\/v2\/types\/product"}],"wp:featuredmedia":[{"embeddable":true,"href":"https:\/\/ipmproizvodi.com\/bih\/wp-json\/wp\/v2\/media\/387"}],"wp:attachment":[{"href":"https:\/\/ipmproizvodi.com\/bih\/wp-json\/wp\/v2\/media?parent=386"}],"wp:term":[{"taxonomy":"product_brand","embeddable":true,"href":"https:\/\/ipmproizvodi.com\/bih\/wp-json\/wp\/v2\/product_brand?post=386"},{"taxonomy":"product_cat","embeddable":true,"href":"https:\/\/ipmproizvodi.com\/bih\/wp-json\/wp\/v2\/product_cat?post=386"},{"taxonomy":"product_tag","embeddable":true,"href":"https:\/\/ipmproizvodi.com\/bih\/wp-json\/wp\/v2\/product_tag?post=386"}],"curies":[{"name":"wp","href":"https:\/\/api.w.org\/{rel}","templated":true}]}}