{"id":390,"date":"2015-01-06T20:31:43","date_gmt":"2015-01-06T19:31:43","guid":{"rendered":"http:\/\/ipmproizvodi.com\/bih\/\/?post_type=product&#038;p=390"},"modified":"2022-02-14T04:16:34","modified_gmt":"2022-02-14T03:16:34","slug":"zdrava-ishrana","status":"publish","type":"product","link":"https:\/\/ipmproizvodi.com\/bih\/proizvod\/zdrava-ishrana\/","title":{"rendered":"Zdrava ishrana"},"content":{"rendered":"<p>Ishrana je povezana sa voljnim i svesnim \u010dinom. Ona zavisi od slobodne volje pojedinca. Zbog toga je neophodno duboko unutra\u0161nje ube\u0111enje da bi se lo\u0161e navike u ishrani zamenile zdravijim. Tokom poslednjih decenija, nutricionisti su posebnu pa\u017enju obratili na nekoliko klju\u010dnih aspekata hrane.<\/p>\n<p>Ova knjiga iznosi sveobuhvatan prikaz najva\u017enijih podataka vezano za hranljive sastojke koji su potrebni \u010dovekovom organizmu, sa tabelama koje pokazuju koji su najboji izvori ishrane.<\/p>\n","protected":false},"excerpt":{"rendered":"<p>&#8211; Koji su najbolji izvori hranljivih materija?<\/p>\n<p><strong><br \/>\nAutor:\u00a0<\/strong>dr Pamplona Rod\u017eer<\/p>\n<p><strong>Povez:<\/strong> meki<\/p>\n<p><strong>Broj strana:<\/strong> 104<\/p>\n<p><strong>Format:<\/strong> A6 (14,5 x 10,5 cm)<\/p>\n","protected":false},"featured_media":391,"template":"","meta":[],"product_brand":[],"product_cat":[38],"product_tag":[],"class_list":{"0":"post-390","1":"product","2":"type-product","3":"status-publish","4":"has-post-thumbnail","6":"product_cat-knjige","8":"first","9":"instock","10":"shipping-taxable","11":"purchasable","12":"product-type-simple"},"_links":{"self":[{"href":"https:\/\/ipmproizvodi.com\/bih\/wp-json\/wp\/v2\/product\/390","targetHints":{"allow":["GET"]}}],"collection":[{"href":"https:\/\/ipmproizvodi.com\/bih\/wp-json\/wp\/v2\/product"}],"about":[{"href":"https:\/\/ipmproizvodi.com\/bih\/wp-json\/wp\/v2\/types\/product"}],"wp:featuredmedia":[{"embeddable":true,"href":"https:\/\/ipmproizvodi.com\/bih\/wp-json\/wp\/v2\/media\/391"}],"wp:attachment":[{"href":"https:\/\/ipmproizvodi.com\/bih\/wp-json\/wp\/v2\/media?parent=390"}],"wp:term":[{"taxonomy":"product_brand","embeddable":true,"href":"https:\/\/ipmproizvodi.com\/bih\/wp-json\/wp\/v2\/product_brand?post=390"},{"taxonomy":"product_cat","embeddable":true,"href":"https:\/\/ipmproizvodi.com\/bih\/wp-json\/wp\/v2\/product_cat?post=390"},{"taxonomy":"product_tag","embeddable":true,"href":"https:\/\/ipmproizvodi.com\/bih\/wp-json\/wp\/v2\/product_tag?post=390"}],"curies":[{"name":"wp","href":"https:\/\/api.w.org\/{rel}","templated":true}]}}