{"id":408,"date":"2015-01-06T21:10:41","date_gmt":"2015-01-06T20:10:41","guid":{"rendered":"http:\/\/ipmproizvodi.com\/bih\/\/?post_type=product&#038;p=408"},"modified":"2022-02-14T04:16:34","modified_gmt":"2022-02-14T03:16:34","slug":"lecenje-bolesti-sirovom-hranom","status":"publish","type":"product","link":"https:\/\/ipmproizvodi.com\/bih\/proizvod\/lecenje-bolesti-sirovom-hranom\/","title":{"rendered":"Lije\u010denje bolesti sirovom hranom"},"content":{"rendered":"<p>\u201eOtkrila sam rak, umorna i slaba kakva sam bila, obratila sam pa\u017enju na to tek pet nedelja kasnije. \u010cvor je bio veli\u010dine koko\u0161ijeg jajeta, urastao u ko\u017eu &#8211; stvar koju samo rak \u010dini. Kao lekar, videla sam dovoljno da budem nevoljna da se podvrgnem metodi le\u010denja raka koja se generalno primenjivala. Posavetovala sam se sa svojim dobrim prijateljem, koji me je odvra\u0107ao od probne mikroskopije. To bi otvorilo krvne sudove i rak bi se ra\u0161irio; tako da sam odustala od toga. Tada sam shvatila da je sasvim prirodno da pre\u0111em na stoprocentnu ishranu sirovom biljnom hranom\u201c.<\/p>\n<p>U ovoj knjizi se obja\u0161njavaju sjajni efekti konzumiranja neprera\u0111ene biljne hrane. Najbr\u017ei na\u010din za pobe\u0111ivanje\u00a0svih bolesti, uklju\u010duju\u0107i i one najte\u017ee, podrazumeva prvostepenu hranu u neizmenjenom obliku.<\/p>\n","protected":false},"excerpt":{"rendered":"<p>&#8211; Kako pobediti rak i druge bolesti jednostavnom sirovom hranom<\/p>\n<p><strong><br \/>\nAutor:\u00a0<\/strong>dr Kristin Nolfi<\/p>\n<p><strong>Povez:<\/strong> meki<\/p>\n<p><strong>Broj strana:<\/strong> 70<\/p>\n<p><strong>Format:<\/strong> A6 (14,5 x 10,5 cm)<\/p>\n","protected":false},"featured_media":409,"template":"","meta":[],"product_brand":[],"product_cat":[38],"product_tag":[],"class_list":{"0":"post-408","1":"product","2":"type-product","3":"status-publish","4":"has-post-thumbnail","6":"product_cat-knjige","8":"first","9":"instock","10":"shipping-taxable","11":"purchasable","12":"product-type-simple"},"_links":{"self":[{"href":"https:\/\/ipmproizvodi.com\/bih\/wp-json\/wp\/v2\/product\/408","targetHints":{"allow":["GET"]}}],"collection":[{"href":"https:\/\/ipmproizvodi.com\/bih\/wp-json\/wp\/v2\/product"}],"about":[{"href":"https:\/\/ipmproizvodi.com\/bih\/wp-json\/wp\/v2\/types\/product"}],"wp:featuredmedia":[{"embeddable":true,"href":"https:\/\/ipmproizvodi.com\/bih\/wp-json\/wp\/v2\/media\/409"}],"wp:attachment":[{"href":"https:\/\/ipmproizvodi.com\/bih\/wp-json\/wp\/v2\/media?parent=408"}],"wp:term":[{"taxonomy":"product_brand","embeddable":true,"href":"https:\/\/ipmproizvodi.com\/bih\/wp-json\/wp\/v2\/product_brand?post=408"},{"taxonomy":"product_cat","embeddable":true,"href":"https:\/\/ipmproizvodi.com\/bih\/wp-json\/wp\/v2\/product_cat?post=408"},{"taxonomy":"product_tag","embeddable":true,"href":"https:\/\/ipmproizvodi.com\/bih\/wp-json\/wp\/v2\/product_tag?post=408"}],"curies":[{"name":"wp","href":"https:\/\/api.w.org\/{rel}","templated":true}]}}