{"id":417,"date":"2015-01-06T22:03:38","date_gmt":"2015-01-06T21:03:38","guid":{"rendered":"http:\/\/ipmproizvodi.com\/bih\/\/?post_type=product&#038;p=417"},"modified":"2024-05-16T22:02:12","modified_gmt":"2024-05-16T20:02:12","slug":"kako-unaprediti-mozak","status":"publish","type":"product","link":"https:\/\/ipmproizvodi.com\/bih\/proizvod\/kako-unaprediti-mozak\/","title":{"rendered":"Kako unaprediti mozak"},"content":{"rendered":"<p>Nau\u010dnici potvr\u0111uju da je na\u0161e mi\u0161ljenje tako mo\u0107an proces koji mo\u017ee raspr\u0161iti milione hemijskih kesica ispunjenih odgovaraju\u0107im hemijskim spojevima na odgovaraju\u0107e adrese u mozgu i tako dubinski menjati na\u0161e raspolo\u017eenje, ose\u0107anja i delovanja.<\/p>\n<p>Jo\u0161 neverovatnije od ovoga su nedavno obelodanjeni nalazi istra\u017eiva\u010da neuro &#8211; nau\u010dnika D\u017eona Eklesa, koji pokazuju kako na\u0161e razmi\u0161ljanje mo\u017ee modifikovati genetski materijal. Misao \u201ekakve su ti misli, takav si\u201c dobijaju potpuniji smisao kroz ovo istra\u017eivanje.<br \/>\nOtkri\u0107a pokazuju neverovatne i skoro neograni\u010dene potencijale mozga da se unapre\u0111uje i razvija, kao i da ispravlja i najte\u017ea o\u0161te\u0107enja, ukoliko \u010dovek primeni jednostavne zdrave \u017eivotne navike.<\/p>\n","protected":false},"excerpt":{"rendered":"<p>&#8211; Ili, kako izle\u010diti slomljen mozak<\/p>\n<p><strong><br \/>\nAutor:<\/strong> dr Elden \u010calmers<\/p>\n<p><strong>Povez:<\/strong> tvrdi<\/p>\n<p><strong>Broj strana:<\/strong> 181 strana<\/p>\n<p><strong>Format:<\/strong> A5 (21 x 14,5 cm)<\/p>\n","protected":false},"featured_media":418,"template":"","meta":[],"product_brand":[],"product_cat":[38],"product_tag":[],"class_list":{"0":"post-417","1":"product","2":"type-product","3":"status-publish","4":"has-post-thumbnail","6":"product_cat-knjige","8":"first","9":"instock","10":"shipping-taxable","11":"purchasable","12":"product-type-simple"},"_links":{"self":[{"href":"https:\/\/ipmproizvodi.com\/bih\/wp-json\/wp\/v2\/product\/417","targetHints":{"allow":["GET"]}}],"collection":[{"href":"https:\/\/ipmproizvodi.com\/bih\/wp-json\/wp\/v2\/product"}],"about":[{"href":"https:\/\/ipmproizvodi.com\/bih\/wp-json\/wp\/v2\/types\/product"}],"wp:featuredmedia":[{"embeddable":true,"href":"https:\/\/ipmproizvodi.com\/bih\/wp-json\/wp\/v2\/media\/418"}],"wp:attachment":[{"href":"https:\/\/ipmproizvodi.com\/bih\/wp-json\/wp\/v2\/media?parent=417"}],"wp:term":[{"taxonomy":"product_brand","embeddable":true,"href":"https:\/\/ipmproizvodi.com\/bih\/wp-json\/wp\/v2\/product_brand?post=417"},{"taxonomy":"product_cat","embeddable":true,"href":"https:\/\/ipmproizvodi.com\/bih\/wp-json\/wp\/v2\/product_cat?post=417"},{"taxonomy":"product_tag","embeddable":true,"href":"https:\/\/ipmproizvodi.com\/bih\/wp-json\/wp\/v2\/product_tag?post=417"}],"curies":[{"name":"wp","href":"https:\/\/api.w.org\/{rel}","templated":true}]}}