{"id":419,"date":"2015-01-06T22:07:56","date_gmt":"2015-01-06T21:07:56","guid":{"rendered":"http:\/\/ipmproizvodi.com\/bih\/\/?post_type=product&#038;p=419"},"modified":"2024-05-16T22:02:23","modified_gmt":"2024-05-16T20:02:23","slug":"seme-unistenja","status":"publish","type":"product","link":"https:\/\/ipmproizvodi.com\/bih\/proizvod\/seme-unistenja\/","title":{"rendered":"Seme uni\u0161tenja"},"content":{"rendered":"<p>Da li prose\u010dan poljoprivrednik, koji kupuje i zasadi seme u svojoj njivi, zna \u0161ta je kupio i zasejao? Svi smo \u010duli za genetski modifikovanu hranu i jasno nam je da je ona sve vi\u0161e prisutna na na\u0161im trpezama, ali da li znamo njene posledice ili mislimo da to nije ni\u0161ta stra\u0161no?<\/p>\n<p>Iako spolja izgledaju privla\u010dnije, genetski modifikovane biljke imaju mnogo siroma\u0161niju hranljivu vrednost od neizmenjenih biljaka koje postoje u prirodi, i sa sobom nose nepredvidive potencijale za uni\u0161tenje zdravlja i \u017eivotne sredine.<\/p>\n","protected":false},"excerpt":{"rendered":"<p>&#8211; \u0160okantna otkri\u0107a o genetski modifikovanoj hrani<\/p>\n<p><strong><br \/>\nAutor:<\/strong> D\u017eefri Smit<\/p>\n<p><strong>Povez:<\/strong> meki<\/p>\n<p><strong>Broj strana:<\/strong> 216<\/p>\n<p><strong>Format:<\/strong> A5 (21 x 14,5 cm)<\/p>\n","protected":false},"featured_media":420,"template":"","meta":[],"product_brand":[],"product_cat":[38],"product_tag":[],"class_list":{"0":"post-419","1":"product","2":"type-product","3":"status-publish","4":"has-post-thumbnail","6":"product_cat-knjige","8":"first","9":"instock","10":"shipping-taxable","11":"purchasable","12":"product-type-simple"},"_links":{"self":[{"href":"https:\/\/ipmproizvodi.com\/bih\/wp-json\/wp\/v2\/product\/419","targetHints":{"allow":["GET"]}}],"collection":[{"href":"https:\/\/ipmproizvodi.com\/bih\/wp-json\/wp\/v2\/product"}],"about":[{"href":"https:\/\/ipmproizvodi.com\/bih\/wp-json\/wp\/v2\/types\/product"}],"wp:featuredmedia":[{"embeddable":true,"href":"https:\/\/ipmproizvodi.com\/bih\/wp-json\/wp\/v2\/media\/420"}],"wp:attachment":[{"href":"https:\/\/ipmproizvodi.com\/bih\/wp-json\/wp\/v2\/media?parent=419"}],"wp:term":[{"taxonomy":"product_brand","embeddable":true,"href":"https:\/\/ipmproizvodi.com\/bih\/wp-json\/wp\/v2\/product_brand?post=419"},{"taxonomy":"product_cat","embeddable":true,"href":"https:\/\/ipmproizvodi.com\/bih\/wp-json\/wp\/v2\/product_cat?post=419"},{"taxonomy":"product_tag","embeddable":true,"href":"https:\/\/ipmproizvodi.com\/bih\/wp-json\/wp\/v2\/product_tag?post=419"}],"curies":[{"name":"wp","href":"https:\/\/api.w.org\/{rel}","templated":true}]}}