{"id":425,"date":"2015-01-06T22:18:34","date_gmt":"2015-01-06T21:18:34","guid":{"rendered":"http:\/\/ipmproizvodi.com\/bih\/\/?post_type=product&#038;p=425"},"modified":"2022-02-14T04:16:34","modified_gmt":"2022-02-14T03:16:34","slug":"tajna-srecnog-zivota","status":"publish","type":"product","link":"https:\/\/ipmproizvodi.com\/bih\/proizvod\/tajna-srecnog-zivota\/","title":{"rendered":"Tajna sre\u0107nog \u017eivota"},"content":{"rendered":"<p>\u010covekovo zdravlje pre svega zavisi od sistema vrednosti koji \u010dovek prihvati. Iako se materijalisti\u010dki sistem vrednosti danas veoma promovi\u0161e, praksa pokazuje da ljudi koji \u017eive kao hedonisti imaju jako slab kvalitet \u017eivota, \u010desto su bolesni, umiru mladi i od te\u0161kih bolesti, ili izvr\u0161e samoubistvo usled depresije.<\/p>\n<p>U ovoj knjizi \u0107ete saznati opasnosti prihvatanja pogre\u0161nih \u017eivotnih principa, kao i na koji na\u010din svoj \u017eivot mo\u017eete u\u010diniti sre\u0107nim.<\/p>\n","protected":false},"excerpt":{"rendered":"<p>&#8211; Principi za zdrav i sre\u0107an \u017eivot<\/p>\n<p><strong style=\"line-height: 1.5;\"><br \/>\nAutor:<\/strong><span style=\"line-height: 1.5;\"> dr Miroljub Petrovi\u0107<\/span><\/p>\n<p><strong>Povez:<\/strong> tvrdi<\/p>\n<p><strong>Broj strana:<\/strong> 104<\/p>\n<p><strong>Format:<\/strong> 18,6 x 10,6 cm<\/p>\n","protected":false},"featured_media":426,"template":"","meta":[],"product_brand":[],"product_cat":[38],"product_tag":[],"class_list":{"0":"post-425","1":"product","2":"type-product","3":"status-publish","4":"has-post-thumbnail","6":"product_cat-knjige","8":"first","9":"instock","10":"shipping-taxable","11":"purchasable","12":"product-type-simple"},"_links":{"self":[{"href":"https:\/\/ipmproizvodi.com\/bih\/wp-json\/wp\/v2\/product\/425","targetHints":{"allow":["GET"]}}],"collection":[{"href":"https:\/\/ipmproizvodi.com\/bih\/wp-json\/wp\/v2\/product"}],"about":[{"href":"https:\/\/ipmproizvodi.com\/bih\/wp-json\/wp\/v2\/types\/product"}],"wp:featuredmedia":[{"embeddable":true,"href":"https:\/\/ipmproizvodi.com\/bih\/wp-json\/wp\/v2\/media\/426"}],"wp:attachment":[{"href":"https:\/\/ipmproizvodi.com\/bih\/wp-json\/wp\/v2\/media?parent=425"}],"wp:term":[{"taxonomy":"product_brand","embeddable":true,"href":"https:\/\/ipmproizvodi.com\/bih\/wp-json\/wp\/v2\/product_brand?post=425"},{"taxonomy":"product_cat","embeddable":true,"href":"https:\/\/ipmproizvodi.com\/bih\/wp-json\/wp\/v2\/product_cat?post=425"},{"taxonomy":"product_tag","embeddable":true,"href":"https:\/\/ipmproizvodi.com\/bih\/wp-json\/wp\/v2\/product_tag?post=425"}],"curies":[{"name":"wp","href":"https:\/\/api.w.org\/{rel}","templated":true}]}}