{"id":429,"date":"2015-01-06T22:35:07","date_gmt":"2015-01-06T21:35:07","guid":{"rendered":"http:\/\/ipmproizvodi.com\/bih\/\/?post_type=product&#038;p=429"},"modified":"2024-05-16T21:58:41","modified_gmt":"2024-05-16T19:58:41","slug":"dodaci-u-ishrani-sportista","status":"publish","type":"product","link":"https:\/\/ipmproizvodi.com\/bih\/proizvod\/dodaci-u-ishrani-sportista\/","title":{"rendered":"Dodaci u ishrani sportista"},"content":{"rendered":"<p>Priroda predstavlja veliki izvor hranljivih i lekovitih sastojaka koje savremeni \u010dovek veoma malo koristi. Ona je prepuna raznolikog bilja, o kojem se malo zna, a koje ne samo da \u010dini svet lep\u0161im, ve\u0107 predstavlja pravu riznizu razli\u010ditih hranljivih i lekovitih supstanci od kojih mo\u017eemo imati velike koristi.<\/p>\n<p>Ova knjiga na detaljan na\u010din obja\u0161njva kako pripremiti najbolje biljne preparate i dodatke ishrani, kao i njihovo dejstvo na pojedina\u010dne organe u na\u0161em organizmu.<\/p>\n","protected":false},"excerpt":{"rendered":"<p>&#8211; Priru\u010dnik za pripremanje i upotrebu lekovitog bilja i prirodnih dodataka u ishrani<\/p>\n<p><strong><br \/>\nAutor:<\/strong> dr Milisav Nikoli\u0107<\/p>\n<p><strong>Povez:<\/strong> tvrdi<\/p>\n<p><strong>Broj strana:<\/strong> 195<\/p>\n<p><strong>Format:<\/strong>\u00a0skra\u0107eni A5 (11,5 x 19 cm)<\/p>\n","protected":false},"featured_media":430,"template":"","meta":[],"product_brand":[],"product_cat":[38],"product_tag":[],"class_list":{"0":"post-429","1":"product","2":"type-product","3":"status-publish","4":"has-post-thumbnail","6":"product_cat-knjige","8":"first","9":"instock","10":"shipping-taxable","11":"purchasable","12":"product-type-simple"},"_links":{"self":[{"href":"https:\/\/ipmproizvodi.com\/bih\/wp-json\/wp\/v2\/product\/429","targetHints":{"allow":["GET"]}}],"collection":[{"href":"https:\/\/ipmproizvodi.com\/bih\/wp-json\/wp\/v2\/product"}],"about":[{"href":"https:\/\/ipmproizvodi.com\/bih\/wp-json\/wp\/v2\/types\/product"}],"wp:featuredmedia":[{"embeddable":true,"href":"https:\/\/ipmproizvodi.com\/bih\/wp-json\/wp\/v2\/media\/430"}],"wp:attachment":[{"href":"https:\/\/ipmproizvodi.com\/bih\/wp-json\/wp\/v2\/media?parent=429"}],"wp:term":[{"taxonomy":"product_brand","embeddable":true,"href":"https:\/\/ipmproizvodi.com\/bih\/wp-json\/wp\/v2\/product_brand?post=429"},{"taxonomy":"product_cat","embeddable":true,"href":"https:\/\/ipmproizvodi.com\/bih\/wp-json\/wp\/v2\/product_cat?post=429"},{"taxonomy":"product_tag","embeddable":true,"href":"https:\/\/ipmproizvodi.com\/bih\/wp-json\/wp\/v2\/product_tag?post=429"}],"curies":[{"name":"wp","href":"https:\/\/api.w.org\/{rel}","templated":true}]}}