{"id":922,"date":"2015-10-05T23:15:11","date_gmt":"2015-10-05T21:15:11","guid":{"rendered":"http:\/\/ipmproizvodi.com\/bih\/?post_type=product&#038;p=922"},"modified":"2022-02-14T04:16:34","modified_gmt":"2022-02-14T03:16:34","slug":"smrt-iz-tanjira","status":"publish","type":"product","link":"https:\/\/ipmproizvodi.com\/bih\/proizvod\/smrt-iz-tanjira\/","title":{"rendered":"Smrt iz tanjira"},"content":{"rendered":"<p>\u0160okantne informacije o savremenoj proizvodnji mesa i nastanku i \u0161irenju bolesti ludih krava u svijetu. Nave\u0161\u0107emo vam samo neke podnaslove:<\/p>\n<p>&#8211; Bolesti izazvane jedenjem mesa<br \/>\n&#8211; BSE &#8211; prionska bolest<br \/>\n&#8211; Kako je po\u010delo?<br \/>\n&#8211; \u017divotinjsko bra\u0161no &#8211; \u201ekoncentrat\u201c<br \/>\n&#8211; Prionski rekvijem &#8211; od usta do mozga<br \/>\n&#8211; Uzgoj stoke i klanje<br \/>\n&#8211; Mleko<br \/>\n&#8211; Epidemiologija<br \/>\n&#8211; Da li se zaista zdravo hranite?<br \/>\n&#8211; Sida iz tanjira!<br \/>\n&#8211; Kiseonik ili meso?<br \/>\n&#8211; Genetski promenjena hrana<\/p>\n","protected":false},"excerpt":{"rendered":"<p>&#8211; Bolesti povezane sa mesnom ishranom<\/p>\n<p><strong><br \/>\nAutor:<\/strong> dr Robert Elez<\/p>\n<p><strong>Povez:<\/strong> Meki<\/p>\n<p><strong>Broj strana:<\/strong> 48<\/p>\n<p><strong>Format:<\/strong> A6 (14,5 x 10,5 cm)<\/p>\n","protected":false},"featured_media":924,"template":"","meta":[],"product_brand":[],"product_cat":[38],"product_tag":[],"class_list":{"0":"post-922","1":"product","2":"type-product","3":"status-publish","4":"has-post-thumbnail","6":"product_cat-knjige","8":"first","9":"instock","10":"shipping-taxable","11":"purchasable","12":"product-type-simple"},"_links":{"self":[{"href":"https:\/\/ipmproizvodi.com\/bih\/wp-json\/wp\/v2\/product\/922","targetHints":{"allow":["GET"]}}],"collection":[{"href":"https:\/\/ipmproizvodi.com\/bih\/wp-json\/wp\/v2\/product"}],"about":[{"href":"https:\/\/ipmproizvodi.com\/bih\/wp-json\/wp\/v2\/types\/product"}],"wp:featuredmedia":[{"embeddable":true,"href":"https:\/\/ipmproizvodi.com\/bih\/wp-json\/wp\/v2\/media\/924"}],"wp:attachment":[{"href":"https:\/\/ipmproizvodi.com\/bih\/wp-json\/wp\/v2\/media?parent=922"}],"wp:term":[{"taxonomy":"product_brand","embeddable":true,"href":"https:\/\/ipmproizvodi.com\/bih\/wp-json\/wp\/v2\/product_brand?post=922"},{"taxonomy":"product_cat","embeddable":true,"href":"https:\/\/ipmproizvodi.com\/bih\/wp-json\/wp\/v2\/product_cat?post=922"},{"taxonomy":"product_tag","embeddable":true,"href":"https:\/\/ipmproizvodi.com\/bih\/wp-json\/wp\/v2\/product_tag?post=922"}],"curies":[{"name":"wp","href":"https:\/\/api.w.org\/{rel}","templated":true}]}}