{"id":485,"date":"2015-01-13T09:31:08","date_gmt":"2015-01-13T08:31:08","guid":{"rendered":"http:\/\/ipmproizvodi.com\/cg\/\/?page_id=485"},"modified":"2015-01-13T09:38:38","modified_gmt":"2015-01-13T08:38:38","slug":"sta-su-tinkture","status":"publish","type":"page","link":"https:\/\/ipmproizvodi.com\/cg\/sta-su-tinkture\/","title":{"rendered":"\u0160ta su tinkture?"},"content":{"rendered":"<p><strong>\u0160ta su tinkture?<\/strong><\/p>\n<p>Tinkture predstavljaju te\u010dne\u00a0ekstrakte biljaka. One su koncentrisani biljni preparati gde su lekoviti sastojci biljaka\u00a0izva\u0111eni u te\u010dnom\u00a0obliku. Za\u00a0pravljenje tinktura koristi se alkohol koji se dodaje vodi ili jabukovom sir\u0107etu. Pravljenje tinktura alkoholom je metod star hiljadama\u00a0godina i koriste ga svi ozbiljni herbalisti na svetu. Alkohol se koristi zato \u0161to se najva\u017eniji lekoviti\u00a0sastojci, kao \u0161to su esencijalna ulja, smole, alkaloidi, steroidi i brojne druge bio-hemijske\u00a0supstance ili fitohemikalije, mnogo bolje rastvaraju u alkoholu, nego u vodi (\u010daj) ili na bilo koji drugi\u00a0na\u010din. \u0160tavi\u0161e,\u00a0odre\u0111ene va\u017ene fitohemikalije iz biljaka se mogu rastvoriti jedino u alkoholu.<\/p>\n<p>Postoje brojne prednosti tinktura. Tinkture su mnogo ja\u010de i koncentrovanije od \u010daja. Samo 2-3 kapi tinkture jednake su,\u00a0\u010dak ja\u010de, od cele jedne \u0161olje \u010daja. Upravo iz ovakvih razloga je konzumiranje samih tinktura preko potrebno kod saniranja zdravstvenih problema jer ko bi uspeo da popije tolike silne koli\u010dine \u010daja dnevno.<\/p>\n<p>Lekoviti sastojci tinktura mogu se lak\u0161e svariti i asimilovati nego same sirove biljke ili biljne\u00a0kapsule, naro\u010dito ako je varenje kod \u010doveka lo\u0161e.<strong>\u00a0<\/strong>Lekoviti sastojci tinktura ulaze u krvotok brzo, gotovo momentalno.\u00a0Zato tinkture mogu da \u010dine, izme\u0111u ostalog, prvu pomo\u0107 i lek za hitne slu\u010dajeve. Tinkture\u00a0sa alkoholom kao bazom su dobre i kao antiseptici za otvorene rane.<\/p>\n<p>Alkohol, tako\u0111e, odr\u017eava tinkturu i znatno joj produ\u017eava rok trajanja, gotovo na neograni\u010deno. \u0160to tinktura du\u017ee stoji nekori\u0161\u0107ena to je njen sam efekat, odnosno dejstvo, mnogostruko\u00a0ve\u0107e. Alkohol koji se nalazi u tinkturama je u minornim koli\u010dinama, a za one koji \u017eele u potpunosti da ga odstrane postoji veoma jednostavno resenje &#8211; svoju dozu tinkture ukapajte u vreo \u010daj ili prelijte klju\u010dalom vodom i sav alkohol \u0107e ispariti.<\/p>\n<p>Za razliku od tinktura koje preporu\u010duje Institut za prirodnu medicinu,\u00a0komercijalne tinkture generalno su lo\u0161eg\u00a0kvaliteta i nedelotvorne su,\u00a0jer se ne pripremaju od adekvatnog i neprera\u0111enog bilja, i u proporcijama koje su koristili najbolji herbalisti svih vremena, poput dr Ri\u010darda \u0160ulca.<\/p>\n<p>Tinkture koje preporu\u010duje Institut za prirodnu medicinu ra\u0111ene su prema originalnim receptima i izuzetnog su kvaliteta i delotvornosti.<\/p>\n","protected":false},"excerpt":{"rendered":"<p>\u0160ta su tinkture? Tinkture predstavljaju te\u010dne\u00a0ekstrakte biljaka. One su koncentrisani biljni preparati gde su lekoviti sastojci biljaka\u00a0izva\u0111eni u te\u010dnom\u00a0obliku. Za\u00a0pravljenje tinktura koristi se alkohol koji se dodaje vodi ili jabukovom sir\u0107etu. Pravljenje tinktura alkoholom je metod star hiljadama\u00a0godina i koriste ga svi ozbiljni herbalisti na svetu. Alkohol se koristi zato \u0161to se najva\u017eniji lekoviti\u00a0sastojci, kao [&hellip;]<\/p>\n","protected":false},"author":2,"featured_media":0,"parent":0,"menu_order":0,"comment_status":"closed","ping_status":"closed","template":"","meta":{"footnotes":""},"class_list":["post-485","page","type-page","status-publish","hentry"],"_links":{"self":[{"href":"https:\/\/ipmproizvodi.com\/cg\/wp-json\/wp\/v2\/pages\/485","targetHints":{"allow":["GET"]}}],"collection":[{"href":"https:\/\/ipmproizvodi.com\/cg\/wp-json\/wp\/v2\/pages"}],"about":[{"href":"https:\/\/ipmproizvodi.com\/cg\/wp-json\/wp\/v2\/types\/page"}],"author":[{"embeddable":true,"href":"https:\/\/ipmproizvodi.com\/cg\/wp-json\/wp\/v2\/users\/2"}],"replies":[{"embeddable":true,"href":"https:\/\/ipmproizvodi.com\/cg\/wp-json\/wp\/v2\/comments?post=485"}],"version-history":[{"count":6,"href":"https:\/\/ipmproizvodi.com\/cg\/wp-json\/wp\/v2\/pages\/485\/revisions"}],"predecessor-version":[{"id":493,"href":"https:\/\/ipmproizvodi.com\/cg\/wp-json\/wp\/v2\/pages\/485\/revisions\/493"}],"wp:attachment":[{"href":"https:\/\/ipmproizvodi.com\/cg\/wp-json\/wp\/v2\/media?parent=485"}],"curies":[{"name":"wp","href":"https:\/\/api.w.org\/{rel}","templated":true}]}}