{"id":102,"date":"2014-12-24T18:04:11","date_gmt":"2014-12-24T17:04:11","guid":{"rendered":"http:\/\/ipmproizvodi.com\/cg\/\/?post_type=product&#038;p=102"},"modified":"2016-01-07T23:34:17","modified_gmt":"2016-01-07T22:34:17","slug":"grlo","status":"publish","type":"product","link":"https:\/\/ipmproizvodi.com\/cg\/proizvod\/grlo\/","title":{"rendered":"Grlo"},"content":{"rendered":"<p>Formula za grlo predstavlja me\u0161avinu biljaka koje uni\u0161tavaju \u0161tetne mikroorganizme u ustima i grlu, smiruju upalu, podsti\u010du cirkulaciju i poja\u010davaju rad imunog sistema. Veoma je koristan kod gripa, prehlade, angine, bolova pri gutanju i upale \u017edrela. Koristi se u vidu spreja.<\/p>\n<p>Biljke koje se koriste u ovoj formuli su slede\u0107e:<\/p>\n<p><strong>Ehinacea<\/strong> je verovatno najja\u010di stimulator imunog sisitema koji je prona\u0111en u prirodi. Jedinjenja iz ove biljke direktno stimuli\u0161u proizvodnju leukocita, interferona i interleukina pobolj\u0161avaju\u010di tako svaki aspect imunog odgovora. Ose\u0107aj trnjenja i peckanja u ustima tako\u0111e poti\u010de od njenih jedinjenja i znak su pobude receptora i krajnika.<\/p>\n<p><strong>Beli luk<\/strong> predstavlja najbolji prirodni antibiotik, koji uni\u0161tava kancerogene i masne \u0107elije. Njegov jak ukus i miris poti\u010du od njegovih sumpornih jedinjenja koja uni\u0161tavaju sve mikroorganizme, \u010diste jetru i krv, podsti\u010du iska\u0161ljavanje i \u010di\u0161\u0107enje plu\u0107a.<\/p>\n<p><strong>Ljuta paprika.<\/strong> Pored belog luka ova biljka ima klju\u010dnu ulogu u svim procesima oporavka. Uloga ljute paprike jeste da pove\u0107a dotoka krvi u sve delove tela, \u010dime se podsti\u010de efikasnija borba imunog sistema.<br \/>\nOse\u0107aj pe\u010denja i temperature koji ona izaziva predstavlja deo procesa oporavka u kome kapsicin odsti\u010de \u0107elije imunog sisitema u ja\u010du borbu protiv neprijatelja.<\/p>\n<p><strong>Ulje mente<\/strong> ima mo\u0107na lekovita svoj stva i \u0161irok spektar primene. Svojim isparljivim jedinjenjima ubija bakterije, smiruje tkivo, osve\u017eava dah i otvara bronhije. Koristi se i kod upalnih procesa na ko\u017ei, glavobolje, pobolj\u0161anja apetita i dr.<\/p>\n<p><strong>Na\u010din upotrebe:<\/strong> Nekoliko puta dnevno, po par puta poprskati grlo. Promu\u0107kati pre upotrebe.<\/p>\n<p><strong>\u010cuvanje:<\/strong> Na sobnoj temperaturi, na tamnom mestu, van doma\u0161aja dece.<\/p>\n<p><strong>Rok trajanja:<\/strong> Neograni\u010deno.<\/p>\n","protected":false},"excerpt":{"rendered":"<p>Biljna formula za krajnike i grlo u vidu spreja<\/p>\n<p><strong>Dejstvo:<\/strong> Poma\u017ee kod prehlade i gripa, uklanja \u0161tetne mikroorganizme iz grla.<\/p>\n<p><strong>Sastojci:<\/strong> Ehinacea (Echinacea purpu\u00adrea), beli luk (Allium sativum), ljuta aleva paprika (Capsicum annuum), nana (Mentha x piperita)<\/p>\n<p><strong>Koli\u010dina:<\/strong> 50 ml<\/p>\n","protected":false},"featured_media":340,"template":"","meta":[],"product_brand":[],"product_cat":[17],"product_tag":[99,98,97,100,101],"class_list":{"0":"post-102","1":"product","2":"type-product","3":"status-publish","4":"has-post-thumbnail","6":"product_cat-tinkture","7":"product_tag-beli-luk-allium-sativum","8":"product_tag-ehinacea-echinacea-purpurea","9":"product_tag-grlo","10":"product_tag-ljuta-aleva-paprika-capsicum-annuum","11":"product_tag-nana-mentha-x-piperita","13":"first","14":"instock","15":"shipping-taxable","16":"purchasable","17":"product-type-simple"},"_links":{"self":[{"href":"https:\/\/ipmproizvodi.com\/cg\/wp-json\/wp\/v2\/product\/102","targetHints":{"allow":["GET"]}}],"collection":[{"href":"https:\/\/ipmproizvodi.com\/cg\/wp-json\/wp\/v2\/product"}],"about":[{"href":"https:\/\/ipmproizvodi.com\/cg\/wp-json\/wp\/v2\/types\/product"}],"wp:featuredmedia":[{"embeddable":true,"href":"https:\/\/ipmproizvodi.com\/cg\/wp-json\/wp\/v2\/media\/340"}],"wp:attachment":[{"href":"https:\/\/ipmproizvodi.com\/cg\/wp-json\/wp\/v2\/media?parent=102"}],"wp:term":[{"taxonomy":"product_brand","embeddable":true,"href":"https:\/\/ipmproizvodi.com\/cg\/wp-json\/wp\/v2\/product_brand?post=102"},{"taxonomy":"product_cat","embeddable":true,"href":"https:\/\/ipmproizvodi.com\/cg\/wp-json\/wp\/v2\/product_cat?post=102"},{"taxonomy":"product_tag","embeddable":true,"href":"https:\/\/ipmproizvodi.com\/cg\/wp-json\/wp\/v2\/product_tag?post=102"}],"curies":[{"name":"wp","href":"https:\/\/api.w.org\/{rel}","templated":true}]}}