{"id":1198,"date":"2021-03-05T16:57:18","date_gmt":"2021-03-05T15:57:18","guid":{"rendered":"https:\/\/ipmproizvodi.com\/cg\/?post_type=product&#038;p=1198"},"modified":"2025-12-03T06:20:32","modified_gmt":"2025-12-03T05:20:32","slug":"anti-perut","status":"publish","type":"product","link":"https:\/\/ipmproizvodi.com\/cg\/proizvod\/anti-perut\/","title":{"rendered":"Anti perut"},"content":{"rendered":"<p><strong>\u010cuvanje:<\/strong>\u00a0Na sobnoj temperaturi, na tamnom mestu, van doma\u0161aja dece.<\/p>\n","protected":false},"excerpt":{"rendered":"<p>Biljna formula za uklanjanje peruti i gljivi\u010dnih oboljenja glave.<\/p>\n<p><strong>Dejstvo:<\/strong> \u010cisti ko\u017eu glave i spre\u010dava razvoj peruti i gljivica.<\/p>\n<p><strong>Sastojci:<\/strong>\u00a0Crni orah (Juglans nigra).<\/p>\n<p><strong>Koli\u010dina:<\/strong>\u00a0100 ml<\/p>\n<p><strong>Rok trajanja:<\/strong>\u00a0neograni\u010deno.<\/p>\n","protected":false},"featured_media":1199,"template":"","meta":[],"product_brand":[],"product_cat":[17],"product_tag":[204,205],"class_list":{"0":"post-1198","1":"product","2":"type-product","3":"status-publish","4":"has-post-thumbnail","6":"product_cat-tinkture","7":"product_tag-anti-perut","8":"product_tag-crni-orah","10":"first","11":"instock","12":"shipping-taxable","13":"purchasable","14":"product-type-simple"},"_links":{"self":[{"href":"https:\/\/ipmproizvodi.com\/cg\/wp-json\/wp\/v2\/product\/1198","targetHints":{"allow":["GET"]}}],"collection":[{"href":"https:\/\/ipmproizvodi.com\/cg\/wp-json\/wp\/v2\/product"}],"about":[{"href":"https:\/\/ipmproizvodi.com\/cg\/wp-json\/wp\/v2\/types\/product"}],"wp:featuredmedia":[{"embeddable":true,"href":"https:\/\/ipmproizvodi.com\/cg\/wp-json\/wp\/v2\/media\/1199"}],"wp:attachment":[{"href":"https:\/\/ipmproizvodi.com\/cg\/wp-json\/wp\/v2\/media?parent=1198"}],"wp:term":[{"taxonomy":"product_brand","embeddable":true,"href":"https:\/\/ipmproizvodi.com\/cg\/wp-json\/wp\/v2\/product_brand?post=1198"},{"taxonomy":"product_cat","embeddable":true,"href":"https:\/\/ipmproizvodi.com\/cg\/wp-json\/wp\/v2\/product_cat?post=1198"},{"taxonomy":"product_tag","embeddable":true,"href":"https:\/\/ipmproizvodi.com\/cg\/wp-json\/wp\/v2\/product_tag?post=1198"}],"curies":[{"name":"wp","href":"https:\/\/api.w.org\/{rel}","templated":true}]}}