{"id":1249,"date":"2021-12-24T16:37:47","date_gmt":"2021-12-24T15:37:47","guid":{"rendered":"https:\/\/ipmproizvodi.com\/cg\/?post_type=product&#038;p=1249"},"modified":"2021-12-24T16:37:47","modified_gmt":"2021-12-24T15:37:47","slug":"anti-akne","status":"publish","type":"product","link":"https:\/\/ipmproizvodi.com\/cg\/proizvod\/anti-akne\/","title":{"rendered":"Anti akne"},"content":{"rendered":"<p><strong>\u010cuvanje:<\/strong>\u00a0Na sobnoj temperaturi, na tamnom mestu, van doma\u0161aja dece.<\/p>\n","protected":false},"excerpt":{"rendered":"<p>Biljna formula za \u010di\u0161\u0107enje ko\u017ee i lica.<\/p>\n<p><strong>Dejstvo:<\/strong> Poma\u017ee u otklanjanju akni, ekcema, bubuljica, psorijaze, suve i ljuskave ko\u017ee.<\/p>\n<p><strong>Sastojci:<\/strong>\u00a0Rastavi\u0107, mahonija, sarsaparila, \u010di\u010dak, \u0161tavelj, kopriva.<\/p>\n<p><strong>Koli\u010dina:<\/strong>\u00a050 ml<\/p>\n<p><strong>Rok trajanja:<\/strong>\u00a0neograni\u010deno.<\/p>\n","protected":false},"featured_media":1250,"template":"","meta":[],"product_brand":[],"product_cat":[17],"product_tag":[10,50,212,211,213,15],"class_list":{"0":"post-1249","1":"product","2":"type-product","3":"status-publish","4":"has-post-thumbnail","6":"product_cat-tinkture","7":"product_tag-cicak","8":"product_tag-kopriva","9":"product_tag-mahonija","10":"product_tag-rastavic","11":"product_tag-sarsaparila","12":"product_tag-stavelj","14":"first","15":"instock","16":"shipping-taxable","17":"purchasable","18":"product-type-simple"},"_links":{"self":[{"href":"https:\/\/ipmproizvodi.com\/cg\/wp-json\/wp\/v2\/product\/1249","targetHints":{"allow":["GET"]}}],"collection":[{"href":"https:\/\/ipmproizvodi.com\/cg\/wp-json\/wp\/v2\/product"}],"about":[{"href":"https:\/\/ipmproizvodi.com\/cg\/wp-json\/wp\/v2\/types\/product"}],"wp:featuredmedia":[{"embeddable":true,"href":"https:\/\/ipmproizvodi.com\/cg\/wp-json\/wp\/v2\/media\/1250"}],"wp:attachment":[{"href":"https:\/\/ipmproizvodi.com\/cg\/wp-json\/wp\/v2\/media?parent=1249"}],"wp:term":[{"taxonomy":"product_brand","embeddable":true,"href":"https:\/\/ipmproizvodi.com\/cg\/wp-json\/wp\/v2\/product_brand?post=1249"},{"taxonomy":"product_cat","embeddable":true,"href":"https:\/\/ipmproizvodi.com\/cg\/wp-json\/wp\/v2\/product_cat?post=1249"},{"taxonomy":"product_tag","embeddable":true,"href":"https:\/\/ipmproizvodi.com\/cg\/wp-json\/wp\/v2\/product_tag?post=1249"}],"curies":[{"name":"wp","href":"https:\/\/api.w.org\/{rel}","templated":true}]}}