{"id":1442,"date":"2024-11-20T22:22:30","date_gmt":"2024-11-20T21:22:30","guid":{"rendered":"https:\/\/ipmproizvodi.com\/cg\/?post_type=product&#038;p=1442"},"modified":"2025-10-24T22:13:25","modified_gmt":"2025-10-24T20:13:25","slug":"sok-od-spelte-u-tabletama","status":"publish","type":"product","link":"https:\/\/ipmproizvodi.com\/cg\/proizvod\/sok-od-spelte-u-tabletama\/","title":{"rendered":"Sok od spelte (u tabletama)"},"content":{"rendered":"<p><strong>Na\u010din upotrebe:<\/strong> Ukoliko govorimo o prevenciji uvek je dovoljna jedna tableta, maksimalno dve. Kada govorimo o osobama koje imaju jake upale, alergije, infekcije, preporu\u010dena doza je dve tablete dnevno. Kada je rec o osobama na medicinskim terapijama, preporu\u010dena doza je tri tablete dnevno. Za onkolo\u0161ke bolesnike, preporu\u010dena doza je \u010detiri tablete i navi\u0161e. Tablete od spelte mogu da se kombinuju sa drugim lekovima i terapijama. Tablete mogu da se popiju bilo kad u toku dana, ali bar sat vremena pre ili posle obroka. Tablete mogu da koriste i deca.<\/p>\n<p>Za sli\u010dne proizvode od sokova razli\u010ditih zelenih trava, posetiti sajt <a href=\"https:\/\/eliksirvitalnosti.com\/\" title=\"eliksirvitalnosti\" rel=\"noopener\" target=\"_blank\">https:\/\/eliksirvitalnosti.com\/<\/a> i poru\u010diti upisivanjem koda: IPM (velikim slovima), \u010dime se ostvaruje <strong><em>popust od 10%<\/em><\/strong>.<\/p>\n<p><strong>Pakovanje:<\/strong> 30 tableta<\/p>\n","protected":false},"excerpt":{"rendered":"<p>Sok od spelte je najja\u010di i najkompletniji dodatak ishrani na tr\u017ei\u0161tu, koji sadr\u017ei nekoliko stotina puta ve\u0107u koli\u010dinu minerala, vitamina i drugih hranljivih sastojaka u odnosu na druge biljke, i nadokna\u0111uje nedostatak istih u biljkama na tr\u017ei\u0161tu koje su skoro sve hibridnog porekla i imaju drasti\u010dno smanjenu koli\u010dinu hranljivih sastojaka. Dobija se ce\u0111enjem mlade trave koja isklijava iz semena stare sorte p\u0161enice \u2013 spelte. <\/p>\n<p>Dobijeni sok se pretvara u tablete, procesom liofilizacije, tako da nema nikavih gubitaka hranljivih sastojaka.<\/p>\n","protected":false},"featured_media":1443,"template":"","meta":[],"product_brand":[],"product_cat":[17],"product_tag":[228,229,161],"class_list":{"0":"post-1442","1":"product","2":"type-product","3":"status-publish","4":"has-post-thumbnail","6":"product_cat-tinkture","7":"product_tag-sok-od-spelte","8":"product_tag-sok-od-spelte-u-tabletama","9":"product_tag-spelta","11":"first","12":"instock","13":"shipping-taxable","14":"purchasable","15":"product-type-simple"},"_links":{"self":[{"href":"https:\/\/ipmproizvodi.com\/cg\/wp-json\/wp\/v2\/product\/1442","targetHints":{"allow":["GET"]}}],"collection":[{"href":"https:\/\/ipmproizvodi.com\/cg\/wp-json\/wp\/v2\/product"}],"about":[{"href":"https:\/\/ipmproizvodi.com\/cg\/wp-json\/wp\/v2\/types\/product"}],"wp:featuredmedia":[{"embeddable":true,"href":"https:\/\/ipmproizvodi.com\/cg\/wp-json\/wp\/v2\/media\/1443"}],"wp:attachment":[{"href":"https:\/\/ipmproizvodi.com\/cg\/wp-json\/wp\/v2\/media?parent=1442"}],"wp:term":[{"taxonomy":"product_brand","embeddable":true,"href":"https:\/\/ipmproizvodi.com\/cg\/wp-json\/wp\/v2\/product_brand?post=1442"},{"taxonomy":"product_cat","embeddable":true,"href":"https:\/\/ipmproizvodi.com\/cg\/wp-json\/wp\/v2\/product_cat?post=1442"},{"taxonomy":"product_tag","embeddable":true,"href":"https:\/\/ipmproizvodi.com\/cg\/wp-json\/wp\/v2\/product_tag?post=1442"}],"curies":[{"name":"wp","href":"https:\/\/api.w.org\/{rel}","templated":true}]}}