{"id":1505,"date":"2025-05-04T11:59:36","date_gmt":"2025-05-04T09:59:36","guid":{"rendered":"https:\/\/ipmproizvodi.com\/cg\/?post_type=product&#038;p=1505"},"modified":"2025-05-04T11:59:36","modified_gmt":"2025-05-04T09:59:36","slug":"ricinus-ulje-2","status":"publish","type":"product","link":"https:\/\/ipmproizvodi.com\/cg\/proizvod\/ricinus-ulje-2\/","title":{"rendered":"Ricinus &#8211; ulje"},"content":{"rendered":"<p><strong>Na\u010din upotrebe:<\/strong> Blago zagrejati ricinusovo ulje u \u0161erpici ili d\u017eezvi, i naneti ga na gazu ili platnenu krpu, a onda staviti na obolelo mesto, i tako dr\u017eati par sati, nekoliko puta dnevno, kao i preko no\u0107i. Po\u017eeljno je staviti neku kesu preko obloge da ulje ne bi stvaralo fleke na ode\u0107i.<\/p>\n<p><strong>\u010cuvanje:<\/strong> Na sobnoj temperaturi, na tamnom mestu, van doma\u0161aja dece.<\/p>\n<p><strong>Rok trajanja:<\/strong> Neograni\u010deno.<\/p>\n","protected":false},"excerpt":{"rendered":"<p>Ulje za \u010di\u0161\u0107enje organizma<\/p>\n<p><strong>Sastojci:<\/strong> Ulje ricinusa (Ricinus communis).<\/p>\n<p><strong>Koli\u010dina:<\/strong> 200 ml<\/p>\n","protected":false},"featured_media":1506,"template":"","meta":[],"product_brand":[],"product_cat":[17],"product_tag":[227,225,226],"class_list":{"0":"post-1505","1":"product","2":"type-product","3":"status-publish","4":"has-post-thumbnail","6":"product_cat-tinkture","7":"product_tag-ricinus","8":"product_tag-ricinus-ulje","9":"product_tag-ulje-ricinusa-ricinus-communis","11":"first","12":"instock","13":"shipping-taxable","14":"purchasable","15":"product-type-simple"},"_links":{"self":[{"href":"https:\/\/ipmproizvodi.com\/cg\/wp-json\/wp\/v2\/product\/1505","targetHints":{"allow":["GET"]}}],"collection":[{"href":"https:\/\/ipmproizvodi.com\/cg\/wp-json\/wp\/v2\/product"}],"about":[{"href":"https:\/\/ipmproizvodi.com\/cg\/wp-json\/wp\/v2\/types\/product"}],"wp:featuredmedia":[{"embeddable":true,"href":"https:\/\/ipmproizvodi.com\/cg\/wp-json\/wp\/v2\/media\/1506"}],"wp:attachment":[{"href":"https:\/\/ipmproizvodi.com\/cg\/wp-json\/wp\/v2\/media?parent=1505"}],"wp:term":[{"taxonomy":"product_brand","embeddable":true,"href":"https:\/\/ipmproizvodi.com\/cg\/wp-json\/wp\/v2\/product_brand?post=1505"},{"taxonomy":"product_cat","embeddable":true,"href":"https:\/\/ipmproizvodi.com\/cg\/wp-json\/wp\/v2\/product_cat?post=1505"},{"taxonomy":"product_tag","embeddable":true,"href":"https:\/\/ipmproizvodi.com\/cg\/wp-json\/wp\/v2\/product_tag?post=1505"}],"curies":[{"name":"wp","href":"https:\/\/api.w.org\/{rel}","templated":true}]}}