{"id":49,"date":"2014-12-23T21:41:32","date_gmt":"2014-12-23T20:41:32","guid":{"rendered":"http:\/\/ipmproizvodi.com\/cg\/\/?post_type=product&#038;p=49"},"modified":"2023-05-08T21:02:39","modified_gmt":"2023-05-08T19:02:39","slug":"imuno-tonik","status":"publish","type":"product","link":"https:\/\/ipmproizvodi.com\/cg\/proizvod\/imuno-tonik\/","title":{"rendered":"Imuno tonik"},"content":{"rendered":"<p>Ovu formulu \u010dini pet biljaka koje su najefikasniji pomaga\u010di ne samo imunog, ve\u0107 i krvnog sistema i sistema za varenje, a naro\u010dito u borbi protiv virusa, gljivica, bakterija i masno\u0107e u krvi i jetri. U pitanju su slede\u0107e biljke:<\/p>\n<p><strong>Beli luk: <\/strong>Najbolji prirodni antibiotik, razara\u010d kancerogenih i masnih \u0107elija. Njegov\u00a0jak ukus i miris poti\u010du od njegovih sumpornih jedinjenja, koja uspe\u0161no deluju protiv svih mikroorganizama, \u010diste jetru i krv, podsti\u010du iska\u0161ljavanje i \u010di\u0161\u0107enje plu\u0107a.<\/p>\n<p><strong>Crni luk: <\/strong>Svojim isparljivim uljima i jedinjenjima popud alicina i glikozida poznat\u00a0je po smirenju zapaljenskih procesa u organizmu. Ubrzava oporavak i zale\u010denje grla\u00a0i disajnih puteva, a u kombinaciji sa belim lukom formira odli\u010dnu za\u0161titu disajnih puteva,\u00a0krajnika, krvnih sudova, jetre i creva.<\/p>\n<p><strong>\u00d0umbir: <\/strong>Pored svog antibakterijskog dejstva \u0111umbir je poznat kao mehanizam\u00a0za podsticanje cirkulacije, regulisanje rada \u017eeluca i jetre, i odli\u010dan antioksidant koji izbacuje otrove iz sistema za varenje.<\/p>\n<p><strong>Ren: <\/strong>Koren ove biljke predstavlja jedan od najboljih \u010dista\u010da sinusnih kanala i bronhija.\u00a0Bogat je vitaminom C koji je va\u017ean za ja\u010danje imunog sistema, a svojim uljima poma\u017ee\u00a0kod problema sa astmom i alergijskim stanjima.<\/p>\n<p><strong>Ljuta paprika: <\/strong>Pored belog luka ova biljka ima klju\u010dnu ulogu u svim procesima oporavka. Uloga ljute paprike jeste pobolj\u0161anje cirkulacije, a time pove\u0107anje dotoka krvi u oboleli deo tela, \u010dime se podsti\u010de efikasnija borba \u0107elija imunog sistema. Ose\u0107aj pe\u010denja i temperature koji ona izaziva jeste proces izle\u010denja u kome supstanca kapsicin\u00a0podsti\u010de \u0107elije imunog sistema u ja\u010du borbu protiv neprijatelja.<\/p>\n<p><strong>Na\u010din upotrebe:<\/strong>\u00a01 \u010dajna ka\u0161i\u010dica 3 puta dnevno do 1 supene ka\u0161ike na svakih pola sata, u zavisnosti od stanja pacijenta. Prmo\u0107ukati pre upotrebe. Dozu kratko zadr\u017eati u ustima i promu\u0107kati, a zatim progutati.<\/p>\n<p><strong>\u010cuvanje:<\/strong> Na sobnoj temperaturi, na tamnom mestu, van doma\u0161aja dece.<\/p>\n<p><strong>Rok trajanja:<\/strong> Neograni\u010deno.<\/p>\n","protected":false},"excerpt":{"rendered":"<p>Dodatak ishrani za pobolj\u0161anje imuniteta<\/p>\n<p><strong>Sastojci:<\/strong> Beli luk (A. sativum), crni luk (A. cepa), \u0111umbir (Z. officinale), ren (A. rusticana), ljuta paprika (C. annuum).<\/p>\n<p><strong>Koli\u010dina:<\/strong> 200 ml<\/p>\n","protected":false},"featured_media":306,"template":"","meta":[],"product_brand":[],"product_cat":[17],"product_tag":[18,19,114,22,21,20],"class_list":{"0":"post-49","1":"product","2":"type-product","3":"status-publish","4":"has-post-thumbnail","6":"product_cat-tinkture","7":"product_tag-beli-luk-a-sativum","8":"product_tag-crni-luk-a-cepa","9":"product_tag-imuno-tonik","10":"product_tag-ljuta-paprika-c-annuum","11":"product_tag-ren-a-rusticana","12":"product_tag-dumbir-z-officinale","14":"first","15":"instock","16":"shipping-taxable","17":"purchasable","18":"product-type-simple"},"_links":{"self":[{"href":"https:\/\/ipmproizvodi.com\/cg\/wp-json\/wp\/v2\/product\/49","targetHints":{"allow":["GET"]}}],"collection":[{"href":"https:\/\/ipmproizvodi.com\/cg\/wp-json\/wp\/v2\/product"}],"about":[{"href":"https:\/\/ipmproizvodi.com\/cg\/wp-json\/wp\/v2\/types\/product"}],"wp:featuredmedia":[{"embeddable":true,"href":"https:\/\/ipmproizvodi.com\/cg\/wp-json\/wp\/v2\/media\/306"}],"wp:attachment":[{"href":"https:\/\/ipmproizvodi.com\/cg\/wp-json\/wp\/v2\/media?parent=49"}],"wp:term":[{"taxonomy":"product_brand","embeddable":true,"href":"https:\/\/ipmproizvodi.com\/cg\/wp-json\/wp\/v2\/product_brand?post=49"},{"taxonomy":"product_cat","embeddable":true,"href":"https:\/\/ipmproizvodi.com\/cg\/wp-json\/wp\/v2\/product_cat?post=49"},{"taxonomy":"product_tag","embeddable":true,"href":"https:\/\/ipmproizvodi.com\/cg\/wp-json\/wp\/v2\/product_tag?post=49"}],"curies":[{"name":"wp","href":"https:\/\/api.w.org\/{rel}","templated":true}]}}