{"id":51,"date":"2014-12-23T21:48:32","date_gmt":"2014-12-23T20:48:32","guid":{"rendered":"http:\/\/ipmproizvodi.com\/cg\/\/?post_type=product&#038;p=51"},"modified":"2022-12-06T15:59:15","modified_gmt":"2022-12-06T14:59:15","slug":"imuno-plus","status":"publish","type":"product","link":"https:\/\/ipmproizvodi.com\/cg\/proizvod\/imuno-plus\/","title":{"rendered":"Imuno plus"},"content":{"rendered":"<p>Ovu imuno formulu \u010dini najmo\u0107nija biljka za ja\u010danje imunog sistema. Ehinacea je jedan od najja\u010dih imuno stimulansa koji je prona\u0111en u prirodi. Jedinjenja ehinacein i ehinakozid direktno stimuli\u0161u proizvodnju leukocita, interferona i interleukina pobolj\u0161avaju\u0107i tako svaki aspekt imunog odgovora.<\/p>\n<p>Ose\u0107aj trnjenja i peckanja u ustima tako\u0111e poti\u010de od njenih jedinjenja i znak su pobude na\u0161ih receptora i krajnika.<\/p>\n<p><strong>Na\u010din upotrebe:<\/strong> 40-60 kapi 3-5 puta dnev\u00adno, u zavisnosti od stanja pacijenta.\u00a0Tin\u00adkturu je naj\u00adbolje piti bez me\u0161anja sa vo\u00addom, \u010dajem i sokom. Koristi se 14 dana, pa se pravi pauza od 7 dana.<\/p>\n<p><strong>\u010cuvanje:<\/strong> Na sobnoj temperaturi, na tamnom mestu, van doma\u0161aja dece.<\/p>\n<p><strong>Rok trajanja:<\/strong> Neograni\u010deno.<\/p>\n","protected":false},"excerpt":{"rendered":"<p>Dodatak ishrani\u00a0za ja\u010danje imuniteta<\/p>\n<p><strong>Sastojci:<\/strong> Ehinacea (E. purpurea)<\/p>\n<p><strong>Koli\u010dina:<\/strong> 50 ml<\/p>\n","protected":false},"featured_media":298,"template":"","meta":[],"product_brand":[],"product_cat":[17],"product_tag":[23,60],"class_list":{"0":"post-51","1":"product","2":"type-product","3":"status-publish","4":"has-post-thumbnail","6":"product_cat-tinkture","7":"product_tag-ehinacea-e-purpurea","8":"product_tag-imuno-plus","10":"first","11":"instock","12":"shipping-taxable","13":"purchasable","14":"product-type-simple"},"_links":{"self":[{"href":"https:\/\/ipmproizvodi.com\/cg\/wp-json\/wp\/v2\/product\/51","targetHints":{"allow":["GET"]}}],"collection":[{"href":"https:\/\/ipmproizvodi.com\/cg\/wp-json\/wp\/v2\/product"}],"about":[{"href":"https:\/\/ipmproizvodi.com\/cg\/wp-json\/wp\/v2\/types\/product"}],"wp:featuredmedia":[{"embeddable":true,"href":"https:\/\/ipmproizvodi.com\/cg\/wp-json\/wp\/v2\/media\/298"}],"wp:attachment":[{"href":"https:\/\/ipmproizvodi.com\/cg\/wp-json\/wp\/v2\/media?parent=51"}],"wp:term":[{"taxonomy":"product_brand","embeddable":true,"href":"https:\/\/ipmproizvodi.com\/cg\/wp-json\/wp\/v2\/product_brand?post=51"},{"taxonomy":"product_cat","embeddable":true,"href":"https:\/\/ipmproizvodi.com\/cg\/wp-json\/wp\/v2\/product_cat?post=51"},{"taxonomy":"product_tag","embeddable":true,"href":"https:\/\/ipmproizvodi.com\/cg\/wp-json\/wp\/v2\/product_tag?post=51"}],"curies":[{"name":"wp","href":"https:\/\/api.w.org\/{rel}","templated":true}]}}