{"id":53,"date":"2014-12-23T21:50:58","date_gmt":"2014-12-23T20:50:58","guid":{"rendered":"http:\/\/ipmproizvodi.com\/cg\/\/?post_type=product&#038;p=53"},"modified":"2017-01-30T03:55:36","modified_gmt":"2017-01-30T02:55:36","slug":"jetra-zuc","status":"publish","type":"product","link":"https:\/\/ipmproizvodi.com\/cg\/proizvod\/jetra-zuc\/","title":{"rendered":"Jetra &#8211; \u017eu\u010d"},"content":{"rendered":"<p>Formula za jetru i \u017eu\u010dnu kesu je kombinacija biljaka koje deluju na pobolj\u0161anje svih funkcija ovih organa.<\/p>\n<p>Biljke potrebne za ovu formulu su:<\/p>\n<p><strong>\u0160areni \u010dkalj <\/strong>je najva\u017enija biljka za ja\u010danje i regeneraciju jetre. Hemijska jedinjenja iz\u00a0ove biljke \u0161tite \u0107elije jetre od propadanja, ubla\u017eavaju upalne procese i tako ubrzavaju\u00a0proces oporavka.<\/p>\n<p><strong>Pelen <\/strong>svojim gorkim supstancama stimuli\u0161e jetru na rad i ubrzava protok \u017eu\u010di kroz \u017eu\u010dne kanale. Pelen je ujedno i najbolja biljka za uni\u0161tavanje parazita koji se mogu na\u0107i\u00a0u jetri i krvi.<\/p>\n<p><strong>Masla\u010dak <\/strong>sadr\u017ei sastojke koji ishranjuju \u0107elije jetre i reguli\u0161u njen rad.<\/p>\n<p><strong>Kleka <\/strong>je pored svojih antireumatskih i diuretskih svojstava poznata i kao biljka koja sanira infekcijske procese, kako u \u017eucnoj kesi, tako i u bubrezima i be\u0161ici.<\/p>\n<p><strong>\u00d0umbir <\/strong>pokre\u0107e cirkulaciju krvi kroz jetru i stimuli\u0161e kontrakcije \u017eu\u010dne kese.<\/p>\n<p><strong>Lincura <\/strong>blagotvorno deluje na pancreas i lu\u010denje \u017eu\u010dnih kiselina. Ubla\u017eava probleme\u00a0sa \u017eelucem i varenjem.<\/p>\n<p><strong>Mora\u010d <\/strong>poma\u017ee odstranjivanje svega \u0161to jetra i \u017eu\u010dna kesa izbace, i ubla\u017eava gr\u010deve\u00a0i nadimanje.<\/p>\n<p><strong>Na\u010din upotrebe:<\/strong> 60 kapi 3-6 puta dnevno. Tin\u00adkturu je naj\u00adbolje piti bez me\u0161anja sa vo\u00addom, \u010dajem i sokom.<\/p>\n<p><strong>\u010cuvanje:<\/strong> Na sobnoj temperaturi, na tamnom mestu, van doma\u0161aja dece.<\/p>\n<p><strong>Rok trajanja:<\/strong> Neograni\u010deno.<\/p>\n","protected":false},"excerpt":{"rendered":"<p>Dodatak ishrani za pobolj\u0161anje rada jetre i \u017eu\u010dne kese<\/p>\n<p><strong>Sastojci:<\/strong>\u00a0\u0160areni \u010dkalj, pelen, masla\u010dak, kleka, \u0111umbir, lincura, mora\u010d, arti\u010doka, orah, beli luk<\/p>\n<p><strong>Koli\u010dina:<\/strong> 100 ml<\/p>\n","protected":false},"featured_media":953,"template":"","meta":[],"product_brand":[],"product_cat":[17],"product_tag":[27,29,26,30,25,24,28],"class_list":{"0":"post-53","1":"product","2":"type-product","3":"status-publish","4":"has-post-thumbnail","6":"product_cat-tinkture","7":"product_tag-kleka","8":"product_tag-lincura","9":"product_tag-maslacak","10":"product_tag-morac","11":"product_tag-pelen","12":"product_tag-sareni-ckalj","13":"product_tag-dumbir","15":"first","16":"instock","17":"shipping-taxable","18":"purchasable","19":"product-type-simple"},"_links":{"self":[{"href":"https:\/\/ipmproizvodi.com\/cg\/wp-json\/wp\/v2\/product\/53","targetHints":{"allow":["GET"]}}],"collection":[{"href":"https:\/\/ipmproizvodi.com\/cg\/wp-json\/wp\/v2\/product"}],"about":[{"href":"https:\/\/ipmproizvodi.com\/cg\/wp-json\/wp\/v2\/types\/product"}],"wp:featuredmedia":[{"embeddable":true,"href":"https:\/\/ipmproizvodi.com\/cg\/wp-json\/wp\/v2\/media\/953"}],"wp:attachment":[{"href":"https:\/\/ipmproizvodi.com\/cg\/wp-json\/wp\/v2\/media?parent=53"}],"wp:term":[{"taxonomy":"product_brand","embeddable":true,"href":"https:\/\/ipmproizvodi.com\/cg\/wp-json\/wp\/v2\/product_brand?post=53"},{"taxonomy":"product_cat","embeddable":true,"href":"https:\/\/ipmproizvodi.com\/cg\/wp-json\/wp\/v2\/product_cat?post=53"},{"taxonomy":"product_tag","embeddable":true,"href":"https:\/\/ipmproizvodi.com\/cg\/wp-json\/wp\/v2\/product_tag?post=53"}],"curies":[{"name":"wp","href":"https:\/\/api.w.org\/{rel}","templated":true}]}}