{"id":561,"date":"2015-02-05T21:22:18","date_gmt":"2015-02-05T20:22:18","guid":{"rendered":"http:\/\/ipmproizvodi.com\/cg\/\/?post_type=product&#038;p=561"},"modified":"2016-01-07T23:47:08","modified_gmt":"2016-01-07T22:47:08","slug":"pankreas","status":"publish","type":"product","link":"https:\/\/ipmproizvodi.com\/cg\/proizvod\/pankreas\/","title":{"rendered":"Pankreas"},"content":{"rendered":"<p><strong>Arti\u010doka<\/strong> se koristi kod regulacije varenja, nadutosti i zastoja \u017eu\u010di kao posledice lo\u0161eg rada pankreasa. Vekovima je poznata kao biljka koja smanjuje holesterol, \u0161e\u0107er i masno\u0107e u krvi.<\/p>\n<p><strong>Borovnica<\/strong> (list) je poznati diuretik, antidiaretik i hopoglikemik. Sadr\u017ei materije koje izazivaju skupljanje, a jedna od klju\u010dnih je mirtilin koji reguli\u0161e \u0161e\u0107er u krvi deluju\u0107i poput insulina.<\/p>\n<p><strong>Lincura<\/strong> blagotvorno deluje na pankreas i lu\u010denje \u017eu\u010dnih kiselina. Ubla\u017eava probleme sa \u017eelucem i varenjem.<\/p>\n<p><strong>Masla\u010dak<\/strong> sadr\u017ei sastojke koji ishranjuju \u0107elije jetre i reguli\u0161u njen rad. Tako\u0111e je koristan kao \u010dista\u010d krvi i celokupnog digestivnog sistema, uklju\u010duju\u0107i i pankreas.<\/p>\n<p><strong>Sladi\u0107<\/strong> je vrlo lekovita biljka koja ima primenu kod raznih oboljenja. Njegova jedinjenja su heterozidi i kisele materije kojima deluje ne samo kod plu\u0107nih bolesti ve\u0107 i na probleme sa \u017eelucem i kod svih upalnih procesa. Umiruje upaljenu sluzoko\u017eu, potsti\u010de iska\u0161ljavanje i reguli\u0161e hormone.<\/p>\n<p><strong>I\u0111irot<\/strong> je prepoznatljiv koren po svom lepom mirisu koji poti\u010de od njegovih eteri\u010dnih ulja. Deluje lekovito na ceo gastrointestinalni sistem i na \u017elezde kao \u0161to su jetra i pankreas, stimuli\u0161u\u0107i usporeni metabolizam i protok krvi kroz sistem.<\/p>\n<p><strong>Kora limuna<\/strong> pored svog osvezavaju\u0107eg efekta slu\u017ei kao sredstvo za regulisanje kiselosti u sistemu za varenje. Reguli\u0161e metabolizam \u0161e\u0107era, ima antibakterijska dejstva, i podsti\u010de razvoj imuniteta.<\/p>\n<p><strong>Na\u010din upotrebe:<\/strong>\u00a060 kapi 4-6 puta dnevno pre obroka.<\/p>\n<p><strong>\u010cuvanje:<\/strong> Na sobnoj temperaturi, na tamnom mestu, van doma\u0161aja dece.<\/p>\n<p><strong>Rok trajanja:<\/strong> Neograni\u010deno.<\/p>\n","protected":false},"excerpt":{"rendered":"<p>Dodatak ishrani za pobolj\u0161anje rada pankreasa.<\/p>\n<p><strong style=\"line-height: 1.5;\">Sastojci:<\/strong><span style=\"line-height: 1.5;\"> Arti\u010doka, borovnica, lincura, masla\u010dak, i\u0111irot, sladi\u0107, eteri\u010dno ulje limuna.<\/span><\/p>\n<p><strong>Koli\u010dina:<\/strong> 50 ml<\/p>\n<p>&nbsp;<\/p>\n","protected":false},"featured_media":565,"template":"","meta":[],"product_brand":[],"product_cat":[17],"product_tag":[],"class_list":{"0":"post-561","1":"product","2":"type-product","3":"status-publish","4":"has-post-thumbnail","6":"product_cat-tinkture","8":"first","9":"instock","10":"shipping-taxable","11":"purchasable","12":"product-type-simple"},"_links":{"self":[{"href":"https:\/\/ipmproizvodi.com\/cg\/wp-json\/wp\/v2\/product\/561","targetHints":{"allow":["GET"]}}],"collection":[{"href":"https:\/\/ipmproizvodi.com\/cg\/wp-json\/wp\/v2\/product"}],"about":[{"href":"https:\/\/ipmproizvodi.com\/cg\/wp-json\/wp\/v2\/types\/product"}],"wp:featuredmedia":[{"embeddable":true,"href":"https:\/\/ipmproizvodi.com\/cg\/wp-json\/wp\/v2\/media\/565"}],"wp:attachment":[{"href":"https:\/\/ipmproizvodi.com\/cg\/wp-json\/wp\/v2\/media?parent=561"}],"wp:term":[{"taxonomy":"product_brand","embeddable":true,"href":"https:\/\/ipmproizvodi.com\/cg\/wp-json\/wp\/v2\/product_brand?post=561"},{"taxonomy":"product_cat","embeddable":true,"href":"https:\/\/ipmproizvodi.com\/cg\/wp-json\/wp\/v2\/product_cat?post=561"},{"taxonomy":"product_tag","embeddable":true,"href":"https:\/\/ipmproizvodi.com\/cg\/wp-json\/wp\/v2\/product_tag?post=561"}],"curies":[{"name":"wp","href":"https:\/\/api.w.org\/{rel}","templated":true}]}}