{"id":57,"date":"2014-12-23T21:57:27","date_gmt":"2014-12-23T20:57:27","guid":{"rendered":"http:\/\/ipmproizvodi.com\/cg\/\/?post_type=product&#038;p=57"},"modified":"2025-04-08T02:45:11","modified_gmt":"2025-04-08T00:45:11","slug":"cirkulacija-biljna-formula-za-poboljsanje-cirkulacije","status":"publish","type":"product","link":"https:\/\/ipmproizvodi.com\/cg\/proizvod\/cirkulacija-biljna-formula-za-poboljsanje-cirkulacije\/","title":{"rendered":"Cirkulacija"},"content":{"rendered":"<p>Formula za cirkulaciju predstavlja ekstrakt najja\u010de biljke za pokretanje krvi &#8211; ljute paprike. Ja\u010dina ove biljke poti\u010de od jedinjenja \u201ckapsicin\u201c koji stupa u reakciju sa na\u0161im receptorima i izaziva pokretanje krvi. Iako ova formula, sama po sebi ne stvara energiju, ona podsti\u010de protok krvi i \u010dini da se energija preko hranljivih materija u krvibr\u017ee doprema do svih delova tela.<\/p>\n<p>Pobolj\u0161anjem protoka krvi do obolelog mesta posti\u017ee se ishranjivanje obolelog tkiva, ja\u010da imuni odgovor i dotok hranljivih materija koji ubrzavaju process izle\u010denja.<\/p>\n<p>Sastojak ove formule \u010dini ljuta paprika ima klju\u010dnu ulogu u svim procesima oporavka. Uloga ljute paprika jeste i da podsti\u010de efikasniju borbu imunog sistema. Ose\u0107aj pe\u010denja i temperature koji ona izaziva jeste deo procesa oporavka u kome kapsicin iz ljute \u00a0paprike poziva \u0107elije imunog sistema u ja\u010du borbu protiv neprijatelja.<\/p>\n<p>Koristi se na vi\u0161e na\u010dina: oralno, u vidu obloga i za ispiranje.<\/p>\n<p><strong>Na\u010din upotrebe:<\/strong> Jedna \u010dajna ka\u00ad\u0161i\u00ad\u010dica tri puta dnevno. Kod te\u017eih obolje\u00adnja 60 kapi 6-8 puta dnev\u00adno. Promu\u0107kati pre upotre\u00adbe. Mo\u017ee se pome\u00ad\u0161ati sa vodom, sokom ili mlakim \u010dajem.<\/p>\n<p><strong>\u010cuvanje:<\/strong> Na sobnoj temperaturi, na tamnom mestu, van doma\u0161aja dece.<\/p>\n<p><strong>Rok trajanja:<\/strong> Neograni\u010deno.<\/p>\n","protected":false},"excerpt":{"rendered":"<p>Dodatak ishrani za pobolj\u0161anje cirkulacije<\/p>\n<p><strong>Sastojci:<\/strong> Ljuta paprika (habanero)<\/p>\n<p><strong>Koli<\/strong><strong>\u010dina:<\/strong> 50 ml<\/p>\n","protected":false},"featured_media":336,"template":"","meta":[],"product_brand":[],"product_cat":[17],"product_tag":[112,36],"class_list":{"0":"post-57","1":"product","2":"type-product","3":"status-publish","4":"has-post-thumbnail","6":"product_cat-tinkture","7":"product_tag-cirkulacija","8":"product_tag-ljuta-paprika-habanero","10":"first","11":"instock","12":"shipping-taxable","13":"purchasable","14":"product-type-simple"},"_links":{"self":[{"href":"https:\/\/ipmproizvodi.com\/cg\/wp-json\/wp\/v2\/product\/57","targetHints":{"allow":["GET"]}}],"collection":[{"href":"https:\/\/ipmproizvodi.com\/cg\/wp-json\/wp\/v2\/product"}],"about":[{"href":"https:\/\/ipmproizvodi.com\/cg\/wp-json\/wp\/v2\/types\/product"}],"wp:featuredmedia":[{"embeddable":true,"href":"https:\/\/ipmproizvodi.com\/cg\/wp-json\/wp\/v2\/media\/336"}],"wp:attachment":[{"href":"https:\/\/ipmproizvodi.com\/cg\/wp-json\/wp\/v2\/media?parent=57"}],"wp:term":[{"taxonomy":"product_brand","embeddable":true,"href":"https:\/\/ipmproizvodi.com\/cg\/wp-json\/wp\/v2\/product_brand?post=57"},{"taxonomy":"product_cat","embeddable":true,"href":"https:\/\/ipmproizvodi.com\/cg\/wp-json\/wp\/v2\/product_cat?post=57"},{"taxonomy":"product_tag","embeddable":true,"href":"https:\/\/ipmproizvodi.com\/cg\/wp-json\/wp\/v2\/product_tag?post=57"}],"curies":[{"name":"wp","href":"https:\/\/api.w.org\/{rel}","templated":true}]}}