{"id":76,"date":"2014-12-24T13:30:42","date_gmt":"2014-12-24T12:30:42","guid":{"rendered":"http:\/\/ipmproizvodi.com\/cg\/\/?post_type=product&#038;p=76"},"modified":"2024-07-08T17:04:18","modified_gmt":"2024-07-08T15:04:18","slug":"creva-1","status":"publish","type":"product","link":"https:\/\/ipmproizvodi.com\/cg\/proizvod\/creva-1\/","title":{"rendered":"Creva 1"},"content":{"rendered":"<p>Prvi korak u svakom programu ja\u010danja organizma i njegovog \u010di\u0161\u0107enja jeste pra\u017enjenje debelog creva i podsticanje na pravilan rad, \u0161to zna\u010di na pravovremeno pra\u017enjenje.<\/p>\n<p>Formula \u201cCreva 1\u201d slu\u017ei kao stimulator mi\u0161i\u0107a debelog creva. Jedinjenja iz biljaka ove formule podsti\u010du redovno pra\u017enjenje creva, ja\u010danje mi\u0161i\u0107a debelog creva, otklanjaju\u0107i tako zatvor, gasove i nakupljene otrove. Pored zatvora, ova formula re\u0161ava probleme sa lenjim crevima (kod onih koji nisu dovoljno aktivni), gasovima, naduto\u0161\u0107u i vi\u0161kom kilograma.<\/p>\n<p>Biljnu formulu \u010dini pet lekovitih biljaka:<\/p>\n<p><strong>Sena<\/strong> stimuli\u0161e pra\u017enjenje debelog creva i otklanja zatvor. Sadr\u017ei antrahinon koji pokre\u0107e mi\u0161i\u0107e creva deluju\u0107i na nervne zavr\u0161etke creva. Ova biljka je veoma jaka, pa \u00a0je treba koristiti pa\u017eljivo.<\/p>\n<p><strong>Kru\u0161ina<\/strong> je ne\u0161to bla\u017ea od sene, ali tako\u0111e vrlo korisna biljka sa jedinjenjima antrahinona i modena koja stimuli\u0161u izbacivanje fekalnih materija iz creva.<\/p>\n<p><strong>Mora\u010d<\/strong> smiruje nadra\u017eena tkiva i ubla\u017eava gr\u010deve i nadimanje. Koristi se kod lo\u0161eg varenja, nadimanja i gr\u010deva u stomaku. Kontroli\u0161e eventualno jako dejstvo sene i kru\u0161ine.<\/p>\n<p><strong>Nana<\/strong> sadr\u017ei etarska ulja koja deluju protivupalno na organizam, kako na ko\u017ei tako i unutar organizma. Spre\u010dava gr\u010deve, gasove i nadimanje prilikom dejstva antrahinona.<\/p>\n<p><strong>Na\u010din upotrebe:<\/strong> Prvog dana popiti jednu \u010dajnu ka\u0161i\u010dicu. Pove\u0107avati dozu za pola \u010dajne ka\u0161i\u010dice dok ne do\u0111e do normalne stolice. Pije se posle ve\u010dere sa sokom, \u010dajem ili vodom.<\/p>\n<p><strong>\u010cuvanje:<\/strong> Na sobnoj temperaturi, na tamnom mestu, van doma\u0161aja dece.<\/p>\n<p><strong>Rok trajanja:<\/strong> Neograni\u010deno<\/p>\n","protected":false},"excerpt":{"rendered":"<p>Dodatak ishrani za pobolj\u0161anje rada creva<\/p>\n<p><strong>Sastojci:<\/strong>\u00a0Kru\u0161ina, sena , nana, mora\u010d, beli luk, ljuta paprika, \u0111umbir<\/p>\n<p><strong>Koli\u010dina:<\/strong> 50 g<\/p>\n","protected":false},"featured_media":341,"template":"","meta":[],"product_brand":[],"product_cat":[17],"product_tag":[53,54,30,49,55],"class_list":{"0":"post-76","1":"product","2":"type-product","3":"status-publish","4":"has-post-thumbnail","6":"product_cat-tinkture","7":"product_tag-creva-1","8":"product_tag-krusina","9":"product_tag-morac","10":"product_tag-nana","11":"product_tag-sena","13":"first","14":"instock","15":"shipping-taxable","16":"purchasable","17":"product-type-simple"},"_links":{"self":[{"href":"https:\/\/ipmproizvodi.com\/cg\/wp-json\/wp\/v2\/product\/76","targetHints":{"allow":["GET"]}}],"collection":[{"href":"https:\/\/ipmproizvodi.com\/cg\/wp-json\/wp\/v2\/product"}],"about":[{"href":"https:\/\/ipmproizvodi.com\/cg\/wp-json\/wp\/v2\/types\/product"}],"wp:featuredmedia":[{"embeddable":true,"href":"https:\/\/ipmproizvodi.com\/cg\/wp-json\/wp\/v2\/media\/341"}],"wp:attachment":[{"href":"https:\/\/ipmproizvodi.com\/cg\/wp-json\/wp\/v2\/media?parent=76"}],"wp:term":[{"taxonomy":"product_brand","embeddable":true,"href":"https:\/\/ipmproizvodi.com\/cg\/wp-json\/wp\/v2\/product_brand?post=76"},{"taxonomy":"product_cat","embeddable":true,"href":"https:\/\/ipmproizvodi.com\/cg\/wp-json\/wp\/v2\/product_cat?post=76"},{"taxonomy":"product_tag","embeddable":true,"href":"https:\/\/ipmproizvodi.com\/cg\/wp-json\/wp\/v2\/product_tag?post=76"}],"curies":[{"name":"wp","href":"https:\/\/api.w.org\/{rel}","templated":true}]}}