{"id":79,"date":"2014-12-24T13:40:58","date_gmt":"2014-12-24T12:40:58","guid":{"rendered":"http:\/\/ipmproizvodi.com\/cg\/\/?post_type=product&#038;p=79"},"modified":"2016-01-07T23:55:13","modified_gmt":"2016-01-07T22:55:13","slug":"creva-2","status":"publish","type":"product","link":"https:\/\/ipmproizvodi.com\/cg\/proizvod\/creva-2\/","title":{"rendered":"Creva 2"},"content":{"rendered":"<p>Formula sadr\u017ei slede\u0107e sastojke:<\/p>\n<p><strong>Glina<\/strong> ima ulogu upijanja masnih naslaga i vezivanja fekalnog materijala. Usporava aktivnost creva pa je nekada potrebno nastaviti uzimanje formule \u201cCreva 1\u201d da bi se izbegao zatvor.<\/p>\n<p><strong>Aktivni ugalj<\/strong> je najbolji upija\u010d otrova u prirodi. Upija sve zaostale otrove, masti i te\u0161ke metale. Kvalitetan aktivni ugalj je najmo\u0107nije sretstvo za \u010di\u0161\u0107enje creva. Upija preko 3.000 poznatih otrova.<\/p>\n<p><strong>Mora\u010d<\/strong> (mleveni) smiruje nadra\u017eena tkiva i ubla\u017eava gr\u010deve i nadimanje. Koristi se kod lo\u0161eg varenja, nadimanja, dijareje i gr\u010deva u stomaku.<\/p>\n<p><strong>Lan<\/strong> (mleveni) je prirodni pokreta\u010d creva, upija otrove i smiruje nadra\u017eene zidove creva. Njegova struktura omogu\u0107ava da u dodiru sa fekalnim materijalima nabubri i upija otrove iz creva.<\/p>\n<p><strong>Na\u010din upotrebe:<\/strong> Jednu \u010dajnu ka\u010di\u010dicu pome\u0161ati sa 1-2 dl soka. Nakon toga popiti 2,5-5 dl vode. Raditi tako 5 puta dnevno.<\/p>\n<p><strong>\u010cuvanje:<\/strong> Na sobnoj temperaturi, na tamnom mestu, van doma\u0161aja dece.<\/p>\n<p><strong>Rok trajanja:<\/strong>\u00a0Dve godine.<\/p>\n","protected":false},"excerpt":{"rendered":"<p>Dodatak ishrani za \u010di\u0161\u0107enje creva<\/p>\n<p><strong>Sastojci:<\/strong> glina, aktivni ugalj, mora\u010d, laneno seme.<\/p>\n<p><strong>\u010cuvanje:<\/strong> Na sobnoj temperaturi, na tamnom mestu, van doma\u0161aja dece.<\/p>\n<p><strong>Rok trajanja:<\/strong> Neograni\u010deno<strong><br \/>\n<\/strong><\/p>\n","protected":false},"featured_media":342,"template":"","meta":[],"product_brand":[],"product_cat":[17],"product_tag":[59,58,56,57,30],"class_list":{"0":"post-79","1":"product","2":"type-product","3":"status-publish","4":"has-post-thumbnail","6":"product_cat-tinkture","7":"product_tag-creva-2","8":"product_tag-drveni-ugalj","9":"product_tag-glina","10":"product_tag-lan","11":"product_tag-morac","13":"first","14":"instock","15":"shipping-taxable","16":"purchasable","17":"product-type-simple"},"_links":{"self":[{"href":"https:\/\/ipmproizvodi.com\/cg\/wp-json\/wp\/v2\/product\/79","targetHints":{"allow":["GET"]}}],"collection":[{"href":"https:\/\/ipmproizvodi.com\/cg\/wp-json\/wp\/v2\/product"}],"about":[{"href":"https:\/\/ipmproizvodi.com\/cg\/wp-json\/wp\/v2\/types\/product"}],"wp:featuredmedia":[{"embeddable":true,"href":"https:\/\/ipmproizvodi.com\/cg\/wp-json\/wp\/v2\/media\/342"}],"wp:attachment":[{"href":"https:\/\/ipmproizvodi.com\/cg\/wp-json\/wp\/v2\/media?parent=79"}],"wp:term":[{"taxonomy":"product_brand","embeddable":true,"href":"https:\/\/ipmproizvodi.com\/cg\/wp-json\/wp\/v2\/product_brand?post=79"},{"taxonomy":"product_cat","embeddable":true,"href":"https:\/\/ipmproizvodi.com\/cg\/wp-json\/wp\/v2\/product_cat?post=79"},{"taxonomy":"product_tag","embeddable":true,"href":"https:\/\/ipmproizvodi.com\/cg\/wp-json\/wp\/v2\/product_tag?post=79"}],"curies":[{"name":"wp","href":"https:\/\/api.w.org\/{rel}","templated":true}]}}