{"id":82,"date":"2014-12-24T14:35:08","date_gmt":"2014-12-24T13:35:08","guid":{"rendered":"http:\/\/ipmproizvodi.com\/cg\/\/?post_type=product&#038;p=82"},"modified":"2017-07-09T13:16:36","modified_gmt":"2017-07-09T11:16:36","slug":"mozak","status":"publish","type":"product","link":"https:\/\/ipmproizvodi.com\/cg\/proizvod\/mozak\/","title":{"rendered":"Mozak"},"content":{"rendered":"<p>U pripremi formule koriste se slede\u0107e biljke:<\/p>\n<p><strong>Ginko<\/strong> je biljka \u010diji list sadr\u017ei supstance\u00a0koje pobolj\u0161avaju cirkulaciju i snabdevanje\u00a0mozga kiseonikom i hranljivim materijama.\u00a0Smanjuje mogu\u0107nost nastanka tromba i o\u0161te\u0107enja\u00a0nervnih \u0107elija.<\/p>\n<p><strong>Ruzmarin<\/strong> sadr\u017ei eteri\u010dna ulja, smolu i\u00a0tanin koji pobolj\u0161avaju krvotok. \u0160iri krvne\u00a0sudove i reguli\u0161e krvni pritisak.<\/p>\n<p><strong>I\u0111irot<\/strong> je prepoznatljiv koren po svom lepom\u00a0mirisu\u00a0koji\u00a0poti\u010de\u00a0od\u00a0njegovih\u00a0eteri\u010dnih\u00a0ulja. Deluje lekovito na ceo sistem za\u00a0varenje, kao i na jetru i pankreas, stimuli\u0161u\u0107i usporeni metabolizam i protok krvi\u00a0kroz sistem.<\/p>\n<p><strong>Kola<\/strong> deluje na mnoga tkiva, a najvi\u0161e na\u00a0krv i ki\u010dmenu mo\u017edinu. Regeneri\u0161e nerve\u00a0i hrani mozak. Koristi se i kod najte\u017eih\u00a0oboljenja, kao \u0161to su mo\u017edani tumori i\u00a0nervna oboljenja.\u00a0Pored belog luka ova\u00a0biljka ima klju\u010dnu ulogu u svim procesima\u00a0izle\u010denja. Uloga ljute paprike jeste pove\u0107anje\u00a0dotoka\u00a0krvi\u00a0u\u00a0sve\u00a0delove<br \/>\ntela,\u00a0\u010dime\u00a0se\u00a0podsti\u010de\u00a0efikasnija ishrana\u00a0i\u00a0rad\u00a0\u0107elija\u00a0imunog\u00a0sistema.<\/p>\n<p><strong>Ljuta paprika.<\/strong> Pored belog luka ova biljka ima klju\u010dnu ulogu u svim procesima oporavka. Uloga ljute paprike jeste pove\u0107anje dotoka krvi u odre\u0111eni deo tela, \u010dime se podsti\u010de efikasnija borba \u0107elija imunog sistema i ishrana tkiva.<\/p>\n<p><strong>Na\u010din upotrebe:<\/strong> 70-140 kapi 3 puta dnevno. Tin\u00adkturu je naj\u00adbolje piti bez me\u00ad\u0161a\u00adnja sa vo\u00addom, \u010dajem i sokom. Promu\u0107\u00adkati pre upotrebe.<\/p>\n<p><strong>\u010cuvanje:<\/strong> Na sobnoj temperaturi, na tamnom mestu, van doma\u0161aja dece.<\/p>\n<p><strong>Rok trajanja:<\/strong> Neograni\u010deno.<\/p>\n","protected":false},"excerpt":{"rendered":"<p>Dodatak ishrani za pobolj\u0161anje rada mo\u017edanih funkcija<\/p>\n<p><strong>Sastojci:<\/strong> Ginko, ruzmarin, i\u0111irot, kola, ljuta paprika.<\/p>\n<p><strong>Koli\u010dina:<\/strong> 50 ml<\/p>\n","protected":false},"featured_media":970,"template":"","meta":[],"product_brand":[],"product_cat":[17],"product_tag":[66,68,69,14,65,67],"class_list":{"0":"post-82","1":"product","2":"type-product","3":"status-publish","4":"has-post-thumbnail","6":"product_cat-tinkture","7":"product_tag-ginko","8":"product_tag-idirot","9":"product_tag-kola","10":"product_tag-ljuta-paprika","11":"product_tag-mozak","12":"product_tag-ruzmarin","14":"first","15":"instock","16":"shipping-taxable","17":"purchasable","18":"product-type-simple"},"_links":{"self":[{"href":"https:\/\/ipmproizvodi.com\/cg\/wp-json\/wp\/v2\/product\/82","targetHints":{"allow":["GET"]}}],"collection":[{"href":"https:\/\/ipmproizvodi.com\/cg\/wp-json\/wp\/v2\/product"}],"about":[{"href":"https:\/\/ipmproizvodi.com\/cg\/wp-json\/wp\/v2\/types\/product"}],"wp:featuredmedia":[{"embeddable":true,"href":"https:\/\/ipmproizvodi.com\/cg\/wp-json\/wp\/v2\/media\/970"}],"wp:attachment":[{"href":"https:\/\/ipmproizvodi.com\/cg\/wp-json\/wp\/v2\/media?parent=82"}],"wp:term":[{"taxonomy":"product_brand","embeddable":true,"href":"https:\/\/ipmproizvodi.com\/cg\/wp-json\/wp\/v2\/product_brand?post=82"},{"taxonomy":"product_cat","embeddable":true,"href":"https:\/\/ipmproizvodi.com\/cg\/wp-json\/wp\/v2\/product_cat?post=82"},{"taxonomy":"product_tag","embeddable":true,"href":"https:\/\/ipmproizvodi.com\/cg\/wp-json\/wp\/v2\/product_tag?post=82"}],"curies":[{"name":"wp","href":"https:\/\/api.w.org\/{rel}","templated":true}]}}