{"id":899,"date":"2015-09-22T18:04:05","date_gmt":"2015-09-22T16:04:05","guid":{"rendered":"http:\/\/ipmproizvodi.com\/cg\/?post_type=product&#038;p=899"},"modified":"2015-09-22T18:16:55","modified_gmt":"2015-09-22T16:16:55","slug":"sinusi","status":"publish","type":"product","link":"https:\/\/ipmproizvodi.com\/cg\/proizvod\/sinusi\/","title":{"rendered":"Sinusi"},"content":{"rendered":"<p>Problemi sa sinusima su naj\u010de\u0161\u0107e izazvani usled infekcije. Pored programa \u010di\u0161\u0107enja i ja\u010danja celog organizma, ova formula naro\u010dito poma\u017ee u otklanjanju problema sa sinusima.<br \/>\nU ovoj formuli koriste se slede\u0107e biljke:<br \/>\n&#8211; <strong>Mirika<\/strong> je biljka koja deluje umiruju\u0107e, otklanja bol, a u isto vreme deluje protiv bakterija, virusa i gljivica, i olak\u0161ava disanje.<br \/>\n&#8211; <strong>Beli luk.<\/strong> Najbolji prirodni antibiotik.Njegov jak ukus i miris poti\u010du od njegovih sumpornih jedinjenja, koja uspe\u0161no deluju protiv svih vrsta mikroorganizama.<br \/>\n&#8211; <strong>Ljuta paprika.<\/strong> Pored belog luka ova biljka ima klju\u010dnu ulogu u svim procesima oporavka. Uloga ljute paprike jeste po bolj\u0161anje cirkulacije, a time pove\u0107anje dotoka krvi u oboleli deo tela, \u010dime se podsti\u010de<br \/>\nefikasnija borba \u0107elija imunog sistema. Ose\u0107aj pe\u010denja i temperature koji ona izaziva jeste proces izle\u010denja u kome supstanca kapsicin podsti\u010de \u0107elije imunog sistema u ja\u010du borbu protiv neprijatelja.<\/p>\n<p><strong>Na\u010din upotrebe:<\/strong>\u00a0Malu koli\u010dinu praha u\u0161mrknutiu jednu i u drugu nozdrvu, ponoviti vi\u0161e puta dnevno po potrebi.<\/p>\n<p><strong>\u010cuvanje:<\/strong> Na sobnoj temperaturi, na tamnom mestu, van doma\u0161aja dece.<\/p>\n","protected":false},"excerpt":{"rendered":"<p>Biljni proizvod za sinuse<\/p>\n<p><strong>Sastojci:<\/strong>\u00a0mirika, beli luk, ljuta aleva paprika.<\/p>\n<p><strong>Koli\u010dina:<\/strong>\u00a05 g praha<\/p>\n<p><strong>Rok trajanja:<\/strong>\u00a0neograni\u010deno.<\/p>\n","protected":false},"featured_media":900,"template":"","meta":[],"product_brand":[],"product_cat":[17],"product_tag":[192],"class_list":{"0":"post-899","1":"product","2":"type-product","3":"status-publish","4":"has-post-thumbnail","6":"product_cat-tinkture","7":"product_tag-sinusi","9":"first","10":"instock","11":"shipping-taxable","12":"purchasable","13":"product-type-simple"},"_links":{"self":[{"href":"https:\/\/ipmproizvodi.com\/cg\/wp-json\/wp\/v2\/product\/899","targetHints":{"allow":["GET"]}}],"collection":[{"href":"https:\/\/ipmproizvodi.com\/cg\/wp-json\/wp\/v2\/product"}],"about":[{"href":"https:\/\/ipmproizvodi.com\/cg\/wp-json\/wp\/v2\/types\/product"}],"wp:featuredmedia":[{"embeddable":true,"href":"https:\/\/ipmproizvodi.com\/cg\/wp-json\/wp\/v2\/media\/900"}],"wp:attachment":[{"href":"https:\/\/ipmproizvodi.com\/cg\/wp-json\/wp\/v2\/media?parent=899"}],"wp:term":[{"taxonomy":"product_brand","embeddable":true,"href":"https:\/\/ipmproizvodi.com\/cg\/wp-json\/wp\/v2\/product_brand?post=899"},{"taxonomy":"product_cat","embeddable":true,"href":"https:\/\/ipmproizvodi.com\/cg\/wp-json\/wp\/v2\/product_cat?post=899"},{"taxonomy":"product_tag","embeddable":true,"href":"https:\/\/ipmproizvodi.com\/cg\/wp-json\/wp\/v2\/product_tag?post=899"}],"curies":[{"name":"wp","href":"https:\/\/api.w.org\/{rel}","templated":true}]}}