{"id":913,"date":"2016-01-07T23:53:55","date_gmt":"2016-01-07T22:53:55","guid":{"rendered":"http:\/\/ipmproizvodi.com\/cg\/?post_type=product&#038;p=913"},"modified":"2023-05-05T08:14:04","modified_gmt":"2023-05-05T06:14:04","slug":"prostata","status":"publish","type":"product","link":"https:\/\/ipmproizvodi.com\/cg\/proizvod\/prostata\/","title":{"rendered":"Prostata"},"content":{"rendered":"<p><strong>Na\u010din upotrebe:<\/strong>\u00a060 kapi 4 puta dnevno. Najbolje piti uz \u010daj za bubrege i be\u0161iku.<\/p>\n<p><strong>\u010cuvanje:<\/strong> Na sobnoj temperaturi, na tamnom mestu, van doma\u0161aja dece.<\/p>\n","protected":false},"excerpt":{"rendered":"<p>Dodatak ishrani za pobolj\u0161anje rada\u00a0prostate.<\/p>\n<p><strong>Sastojci:<\/strong>\u00a0testerasta palma, uva, tuja, kopriva, \u017een \u0161en, an\u0111elika.<\/p>\n<p><strong>Koli\u010dina:<\/strong>\u00a050 ml<\/p>\n<p><strong>Rok trajanja:<\/strong>\u00a0neograni\u010deno.<\/p>\n","protected":false},"featured_media":914,"template":"","meta":[],"product_brand":[],"product_cat":[17],"product_tag":[193],"class_list":{"0":"post-913","1":"product","2":"type-product","3":"status-publish","4":"has-post-thumbnail","6":"product_cat-tinkture","7":"product_tag-prostata","9":"first","10":"instock","11":"shipping-taxable","12":"purchasable","13":"product-type-simple"},"_links":{"self":[{"href":"https:\/\/ipmproizvodi.com\/cg\/wp-json\/wp\/v2\/product\/913","targetHints":{"allow":["GET"]}}],"collection":[{"href":"https:\/\/ipmproizvodi.com\/cg\/wp-json\/wp\/v2\/product"}],"about":[{"href":"https:\/\/ipmproizvodi.com\/cg\/wp-json\/wp\/v2\/types\/product"}],"wp:featuredmedia":[{"embeddable":true,"href":"https:\/\/ipmproizvodi.com\/cg\/wp-json\/wp\/v2\/media\/914"}],"wp:attachment":[{"href":"https:\/\/ipmproizvodi.com\/cg\/wp-json\/wp\/v2\/media?parent=913"}],"wp:term":[{"taxonomy":"product_brand","embeddable":true,"href":"https:\/\/ipmproizvodi.com\/cg\/wp-json\/wp\/v2\/product_brand?post=913"},{"taxonomy":"product_cat","embeddable":true,"href":"https:\/\/ipmproizvodi.com\/cg\/wp-json\/wp\/v2\/product_cat?post=913"},{"taxonomy":"product_tag","embeddable":true,"href":"https:\/\/ipmproizvodi.com\/cg\/wp-json\/wp\/v2\/product_tag?post=913"}],"curies":[{"name":"wp","href":"https:\/\/api.w.org\/{rel}","templated":true}]}}