{"id":93,"date":"2014-12-24T17:40:39","date_gmt":"2014-12-24T16:40:39","guid":{"rendered":"http:\/\/ipmproizvodi.com\/cg\/\/?post_type=product&#038;p=93"},"modified":"2016-01-07T23:31:38","modified_gmt":"2016-01-07T22:31:38","slug":"nervi-2","status":"publish","type":"product","link":"https:\/\/ipmproizvodi.com\/cg\/proizvod\/nervi-2\/","title":{"rendered":"Nervi 2"},"content":{"rendered":"<p>Biljke koje \u010dine ovu formulu su slede\u0107e:<\/p>\n<p><strong>Kapica<\/strong> je jedna od odli\u010dnih nervno stimulativnih biljaka. Ona je klju\u010dna u stimulisanju i obnovi o\u0161te\u0107enih nerava jer pobolj\u0161ava komunikaciju me\u0111u nervnim \u0107elijama.<\/p>\n<p><strong>Ovas<\/strong> je poznat po sposobnosti regene racije celog organizma. Stimuli\u0161e nerve, ishranjuje jetru, poma\u017ee kod sni\u017eenja \u0161e\u0107era u krvi. Veoma je bogat vitaminima B grupe koji deluju na nervne i mo\u017edane funkcije.<\/p>\n<p><strong>Celer<\/strong> je poznati antioksidans \u010dija lekovita jedinjenja pobolj\u0161avaju krvnu sliku, poma\u017eu u oporavku bubrega i nerava. Veoma je bogat kompleksom B vitamina koji ja\u010daju nerve i mo\u017edane funkcije.<\/p>\n<p><strong>Kantarion<\/strong> je najpoznatiji antidepresiv me\u0111u biljkama. Vekovima se koristi za opu\u0161tanje tela i le\u010denje nesanice i nervne napetosti. Sadr\u017ei mnoga aktivna jedinjenja me\u0111u kojima i valerijansku kiselinu, holin i glikozide.<\/p>\n<p><strong>Ruzmarin<\/strong> sadr\u017ei eteri\u010dna ulja, smolu i tanin koji pobolj\u0161avaju krvotok. \u0160ire\u0107i krvne sudove br\u017ee dovodi hranljive materije do mozga i reguli\u0161e krvni pritisak.<\/p>\n<p><strong>Na\u010din upotrebe:<\/strong> 60 kapi 4 do 6 puta na dan, kod te\u017eih oboljenja 120 kapi 6 puta na dan.<\/p>\n<p><strong>\u010cuvanje:<\/strong> Na sobnoj temperaturi, na tamnom mestu, van doma\u0161aja dece.<\/p>\n<p><strong>Rok trajanja:<\/strong> Neograni\u010deno.<\/p>\n","protected":false},"excerpt":{"rendered":"<p>Dodatak ishrani za ja\u010danje nervnog sistema<\/p>\n<p><strong>Sastojci:<\/strong> Kapica, kafa, ovas, celer, kantarion, \u00a0ruzmarin.<\/p>\n<p><strong>Koli\u010dina:<\/strong> 50 ml<\/p>\n","protected":false},"featured_media":323,"template":"","meta":[],"product_brand":[],"product_cat":[17],"product_tag":[88,90,69,89,44,67],"class_list":{"0":"post-93","1":"product","2":"type-product","3":"status-publish","4":"has-post-thumbnail","6":"product_cat-tinkture","7":"product_tag-kantarion","8":"product_tag-kapica","9":"product_tag-kola","10":"product_tag-nervi-2","11":"product_tag-ovas","12":"product_tag-ruzmarin","14":"first","15":"instock","16":"shipping-taxable","17":"purchasable","18":"product-type-simple"},"_links":{"self":[{"href":"https:\/\/ipmproizvodi.com\/cg\/wp-json\/wp\/v2\/product\/93","targetHints":{"allow":["GET"]}}],"collection":[{"href":"https:\/\/ipmproizvodi.com\/cg\/wp-json\/wp\/v2\/product"}],"about":[{"href":"https:\/\/ipmproizvodi.com\/cg\/wp-json\/wp\/v2\/types\/product"}],"wp:featuredmedia":[{"embeddable":true,"href":"https:\/\/ipmproizvodi.com\/cg\/wp-json\/wp\/v2\/media\/323"}],"wp:attachment":[{"href":"https:\/\/ipmproizvodi.com\/cg\/wp-json\/wp\/v2\/media?parent=93"}],"wp:term":[{"taxonomy":"product_brand","embeddable":true,"href":"https:\/\/ipmproizvodi.com\/cg\/wp-json\/wp\/v2\/product_brand?post=93"},{"taxonomy":"product_cat","embeddable":true,"href":"https:\/\/ipmproizvodi.com\/cg\/wp-json\/wp\/v2\/product_cat?post=93"},{"taxonomy":"product_tag","embeddable":true,"href":"https:\/\/ipmproizvodi.com\/cg\/wp-json\/wp\/v2\/product_tag?post=93"}],"curies":[{"name":"wp","href":"https:\/\/api.w.org\/{rel}","templated":true}]}}