{"id":1291,"date":"2020-06-19T11:38:52","date_gmt":"2020-06-19T09:38:52","guid":{"rendered":"http:\/\/ipmproizvodi.com\/eu\/?post_type=product&#038;p=1291"},"modified":"2025-02-18T09:31:04","modified_gmt":"2025-02-18T08:31:04","slug":"poljoprivreda-bez-pesticida","status":"publish","type":"product","link":"https:\/\/ipmproizvodi.com\/eu\/proizvod\/poljoprivreda-bez-pesticida\/","title":{"rendered":"Poljoprivreda bez pesticida"},"content":{"rendered":"<p>Najbolji priru\u010dnik za proizvodnju hrane na prirodan na\u010din sa detaljnim upustvima za pripremu zemlje, sa\u0111enje, \u0111ubrenje i uzgajanje biljaka.<\/p>\n","protected":false},"excerpt":{"rendered":"<p>Autor: dr Aleksandar Bulovi\u0107<\/p>\n<p>Povez:\u00a0Meki<\/p>\n<p>Broj strana: 139<\/p>\n<p>Format:\u00a0B5 (17 x 24 cm)<\/p>\n","protected":false},"featured_media":1292,"template":"","meta":[],"product_cat":[38],"product_tag":[200,201],"class_list":{"0":"post-1291","1":"product","2":"type-product","3":"status-publish","4":"has-post-thumbnail","6":"product_cat-knjige","7":"product_tag-aleksandar-bulovic","8":"product_tag-poljoprivreda-bez-pesticida","10":"first","11":"instock","12":"shipping-taxable","13":"purchasable","14":"product-type-simple"},"_links":{"self":[{"href":"https:\/\/ipmproizvodi.com\/eu\/wp-json\/wp\/v2\/product\/1291","targetHints":{"allow":["GET"]}}],"collection":[{"href":"https:\/\/ipmproizvodi.com\/eu\/wp-json\/wp\/v2\/product"}],"about":[{"href":"https:\/\/ipmproizvodi.com\/eu\/wp-json\/wp\/v2\/types\/product"}],"wp:featuredmedia":[{"embeddable":true,"href":"https:\/\/ipmproizvodi.com\/eu\/wp-json\/wp\/v2\/media\/1292"}],"wp:attachment":[{"href":"https:\/\/ipmproizvodi.com\/eu\/wp-json\/wp\/v2\/media?parent=1291"}],"wp:term":[{"taxonomy":"product_cat","embeddable":true,"href":"https:\/\/ipmproizvodi.com\/eu\/wp-json\/wp\/v2\/product_cat?post=1291"},{"taxonomy":"product_tag","embeddable":true,"href":"https:\/\/ipmproizvodi.com\/eu\/wp-json\/wp\/v2\/product_tag?post=1291"}],"curies":[{"name":"wp","href":"https:\/\/api.w.org\/{rel}","templated":true}]}}