{"id":378,"date":"2015-01-06T18:52:21","date_gmt":"2015-01-06T17:52:21","guid":{"rendered":"http:\/\/ipmproizvodi.com\/eu\/?post_type=product&#038;p=378"},"modified":"2025-02-18T09:30:30","modified_gmt":"2025-02-18T08:30:30","slug":"oporavak-sportista","status":"publish","type":"product","link":"https:\/\/ipmproizvodi.com\/eu\/proizvod\/oporavak-sportista\/","title":{"rendered":"Oporavak sportista"},"content":{"rendered":"<p>\u201eProgram oporavka dr Milisava Nikoli\u0107a toplo preporu\u010dujem svima. Meni je mnogo pomogao.\u201d &#8211; Predrag Mijatovi\u0107, Real Madrid<\/p>\n<p>\u201cDugo sam igrao povre\u0111en, a samo nekoliko dana primene programa oporavka dr Milisava Nikoli\u0107a, u\u010dinilo je da budem potpuno spreman.\u201d &#8211; Miralem Sulejmani, Benfika Lisabon<\/p>\n<p>\u201cPrimenom programa oporavka dr Milisava Nikoli\u0107a otklonio sam zdravstveni problem i dobio vi\u0161e energije.\u201d &#8211; Luka Modri\u0107, Real Madrid<\/p>\n<p>\u201cProgram oporavka dr Milisava Nikoli\u0107a mi je mnogo pomogao da re\u0161im zdravstvene probleme koje nisam mogao da re\u0161im ni na jednom drugom mestu.\u201d &#8211; Goran Jak\u0161i\u0107, svetski i evropski \u0161ampion u rvanju<\/p>\n<p>\u201cNa\u0161e iskustvo sa brojnim sportistima je da program oporavka dr Milisava Nikoli\u0107a\u00a0daje izuzetne rezultate.\u201d\u00a0&#8211; Vlado i Zoran Lemi\u0107, menad\u017eeri<\/p>\n","protected":false},"excerpt":{"rendered":"<p>&#8211; Priru\u010dnik za prirodni oporavak i podizanje fizi\u010dkih i duhovnih sposobnosti<\/p>\n<p><strong><br \/>\nAutor: <\/strong>dr Milisav Nikoli\u0107<\/p>\n<p><strong>Povez:<\/strong> tvrdi<\/p>\n<p><strong>Broj strana:<\/strong> 291<\/p>\n<p><strong>Format:<\/strong> skra\u0107eni A5 (11,5 x 19 cm)<\/p>\n","protected":false},"featured_media":379,"template":"","meta":[],"product_cat":[38],"product_tag":[],"class_list":{"0":"post-378","1":"product","2":"type-product","3":"status-publish","4":"has-post-thumbnail","6":"product_cat-knjige","8":"first","9":"instock","10":"shipping-taxable","11":"purchasable","12":"product-type-simple"},"_links":{"self":[{"href":"https:\/\/ipmproizvodi.com\/eu\/wp-json\/wp\/v2\/product\/378","targetHints":{"allow":["GET"]}}],"collection":[{"href":"https:\/\/ipmproizvodi.com\/eu\/wp-json\/wp\/v2\/product"}],"about":[{"href":"https:\/\/ipmproizvodi.com\/eu\/wp-json\/wp\/v2\/types\/product"}],"wp:featuredmedia":[{"embeddable":true,"href":"https:\/\/ipmproizvodi.com\/eu\/wp-json\/wp\/v2\/media\/379"}],"wp:attachment":[{"href":"https:\/\/ipmproizvodi.com\/eu\/wp-json\/wp\/v2\/media?parent=378"}],"wp:term":[{"taxonomy":"product_cat","embeddable":true,"href":"https:\/\/ipmproizvodi.com\/eu\/wp-json\/wp\/v2\/product_cat?post=378"},{"taxonomy":"product_tag","embeddable":true,"href":"https:\/\/ipmproizvodi.com\/eu\/wp-json\/wp\/v2\/product_tag?post=378"}],"curies":[{"name":"wp","href":"https:\/\/api.w.org\/{rel}","templated":true}]}}