{"id":388,"date":"2015-01-06T20:29:44","date_gmt":"2015-01-06T19:29:44","guid":{"rendered":"http:\/\/ipmproizvodi.com\/eu\/?post_type=product&#038;p=388"},"modified":"2025-02-18T09:27:54","modified_gmt":"2025-02-18T08:27:54","slug":"kako-sam-pobedila-rak","status":"publish","type":"product","link":"https:\/\/ipmproizvodi.com\/eu\/proizvod\/kako-sam-pobedila-rak\/","title":{"rendered":"Kako sam pobedila rak"},"content":{"rendered":"<p>Najbolji prikaz jednostavnih koraka za pobe\u0111ivanje raka,\u00a0navodne \u201eneizle\u010dive bolesti\u201c, kao i otkri\u0107e neverovatnih\u00a0informacija o postojanju ogromne industrije koja ostvaruje veliki profit na ovoj bolesti.<\/p>\n<p>Vama, koji ste ve\u0107 bolesni od bilo koje degenerativne bolesti\u00a0dana\u0161njice, ne samo od raka, pru\u017ea siguran putokaz od\u00a0strane medicinskog stru\u010dnjaka &#8211; doktorke Lorin Dej, koja je sama imala rak i izle\u010dila se, tako \u0161to je primenila jednostavan sistem prirodnih 10 zapovesti zdravlja.<\/p>\n","protected":false},"excerpt":{"rendered":"<p>&#8211; Deset jednostavnih na\u010dela za izle\u010denje od raka<\/p>\n<p><strong><br \/>\nAutor:<\/strong> dr Lorin Dej<\/p>\n<p><strong>Povez:<\/strong> meki<\/p>\n<p><strong>Broj strana:<\/strong> 133<\/p>\n<p><strong>Format:<\/strong> A6 (14,5 x 10,5 cm)<\/p>\n","protected":false},"featured_media":389,"template":"","meta":[],"product_cat":[38],"product_tag":[],"class_list":{"0":"post-388","1":"product","2":"type-product","3":"status-publish","4":"has-post-thumbnail","6":"product_cat-knjige","8":"first","9":"instock","10":"shipping-taxable","11":"purchasable","12":"product-type-simple"},"_links":{"self":[{"href":"https:\/\/ipmproizvodi.com\/eu\/wp-json\/wp\/v2\/product\/388","targetHints":{"allow":["GET"]}}],"collection":[{"href":"https:\/\/ipmproizvodi.com\/eu\/wp-json\/wp\/v2\/product"}],"about":[{"href":"https:\/\/ipmproizvodi.com\/eu\/wp-json\/wp\/v2\/types\/product"}],"wp:featuredmedia":[{"embeddable":true,"href":"https:\/\/ipmproizvodi.com\/eu\/wp-json\/wp\/v2\/media\/389"}],"wp:attachment":[{"href":"https:\/\/ipmproizvodi.com\/eu\/wp-json\/wp\/v2\/media?parent=388"}],"wp:term":[{"taxonomy":"product_cat","embeddable":true,"href":"https:\/\/ipmproizvodi.com\/eu\/wp-json\/wp\/v2\/product_cat?post=388"},{"taxonomy":"product_tag","embeddable":true,"href":"https:\/\/ipmproizvodi.com\/eu\/wp-json\/wp\/v2\/product_tag?post=388"}],"curies":[{"name":"wp","href":"https:\/\/api.w.org\/{rel}","templated":true}]}}