{"id":392,"date":"2015-01-06T20:35:46","date_gmt":"2015-01-06T19:35:46","guid":{"rendered":"http:\/\/ipmproizvodi.com\/eu\/?post_type=product&#038;p=392"},"modified":"2025-02-18T09:33:11","modified_gmt":"2025-02-18T08:33:11","slug":"zakoni-zdravlja-i-izlecenja","status":"publish","type":"product","link":"https:\/\/ipmproizvodi.com\/eu\/proizvod\/zakoni-zdravlja-i-izlecenja\/","title":{"rendered":"Zakoni zdravlja i izle\u010denja"},"content":{"rendered":"<p>Jedna od najsveobuhvatnijih knjiga o zdravlju na svetskom tr\u017ei\u0161tu. Knjiga se bavi svim aspektima zdravog \u017eivotnog stila. Zasnovana je na najsavremenijim nau\u010dnim podacima objavljenim u referentnim medicinskim \u010dasopisima, a ipak \u010dvrsto potkrepljuje jednostavne, prirodne metode o\u010duvanja zdravlja i le\u010denja.<\/p>\n<p>Bespo\u0161tedna u argumentima protiv pogubnih \u017eivotnih navika, predla\u017ee jednostavne na\u010dine da ih se oslobodimo i preokrenemo njihove posledice ka boljem zdravlju.<\/p>\n","protected":false},"excerpt":{"rendered":"<p>&#8211; Najkorisnija knjiga za promociju zdravlja\u00a0napisana u ovoj generaciji<\/p>\n<p><strong><br \/>\nAutor:<\/strong> dr Nil Nidli<\/p>\n<p><strong>Povez:<\/strong> meki povez<\/p>\n<p><strong>Broj strana:<\/strong> 428<\/p>\n<p><strong>Format:<\/strong> B5 (23,5 x 16,5 cm)<\/p>\n","protected":false},"featured_media":393,"template":"","meta":[],"product_cat":[38],"product_tag":[],"class_list":{"0":"post-392","1":"product","2":"type-product","3":"status-publish","4":"has-post-thumbnail","6":"product_cat-knjige","8":"first","9":"instock","10":"shipping-taxable","11":"purchasable","12":"product-type-simple"},"_links":{"self":[{"href":"https:\/\/ipmproizvodi.com\/eu\/wp-json\/wp\/v2\/product\/392","targetHints":{"allow":["GET"]}}],"collection":[{"href":"https:\/\/ipmproizvodi.com\/eu\/wp-json\/wp\/v2\/product"}],"about":[{"href":"https:\/\/ipmproizvodi.com\/eu\/wp-json\/wp\/v2\/types\/product"}],"wp:featuredmedia":[{"embeddable":true,"href":"https:\/\/ipmproizvodi.com\/eu\/wp-json\/wp\/v2\/media\/393"}],"wp:attachment":[{"href":"https:\/\/ipmproizvodi.com\/eu\/wp-json\/wp\/v2\/media?parent=392"}],"wp:term":[{"taxonomy":"product_cat","embeddable":true,"href":"https:\/\/ipmproizvodi.com\/eu\/wp-json\/wp\/v2\/product_cat?post=392"},{"taxonomy":"product_tag","embeddable":true,"href":"https:\/\/ipmproizvodi.com\/eu\/wp-json\/wp\/v2\/product_tag?post=392"}],"curies":[{"name":"wp","href":"https:\/\/api.w.org\/{rel}","templated":true}]}}