{"id":396,"date":"2015-01-06T20:46:22","date_gmt":"2015-01-06T19:46:22","guid":{"rendered":"http:\/\/ipmproizvodi.com\/eu\/?post_type=product&#038;p=396"},"modified":"2025-02-18T09:29:18","modified_gmt":"2025-02-18T08:29:18","slug":"moc-ishrane-kineska-studija","status":"publish","type":"product","link":"https:\/\/ipmproizvodi.com\/eu\/proizvod\/moc-ishrane-kineska-studija\/","title":{"rendered":"Mo\u0107 ishrane (kineska studija)"},"content":{"rendered":"<p>Kada je po\u010detkom 70-ih godina 20. veka kineski premijer \u010cuo En Laj oboleo od raka, organizovao je veliko medicinsko istra\u017eivanje na preko 890 miliona Kineza, koje je sprovelo preko 650 hiljada medicinskih radnika, u kojem je trebalo da se utvrdi koji su vode\u0107i uzroci bolesti, uklju\u010duju\u0107i i rak.<\/p>\n<p>Glavni stru\u010dnjak za ishranu sa Kornel Univerziteta (SAD), dr Kolin Kembel, je na osnovu ovog, i drugih istra\u017eivanja koja je sproveo, napisao knjigu koja predstavlja \u201eKnjigu broj 1\u2033 u svetu po pitanju ishrane. Autor se nije usudio da ove informacije objavi sve dok nije oti\u0161ao u penziju.<\/p>\n","protected":false},"excerpt":{"rendered":"<p>&#8211; Jedna od najva\u017enijih medicinskih knjiga\u00a0ikada napisanih<\/p>\n<p><strong><br \/>\nAutor:<\/strong> dr Kolin Kembel<\/p>\n<p><strong>Povez:<\/strong> meki povez<\/p>\n<p><strong>Broj strana:<\/strong> 485<\/p>\n<p><strong>Format:<\/strong> A5 (21 x 14,5 cm)<\/p>\n","protected":false},"featured_media":397,"template":"","meta":[],"product_cat":[38],"product_tag":[],"class_list":{"0":"post-396","1":"product","2":"type-product","3":"status-publish","4":"has-post-thumbnail","6":"product_cat-knjige","8":"first","9":"instock","10":"shipping-taxable","11":"purchasable","12":"product-type-simple"},"_links":{"self":[{"href":"https:\/\/ipmproizvodi.com\/eu\/wp-json\/wp\/v2\/product\/396","targetHints":{"allow":["GET"]}}],"collection":[{"href":"https:\/\/ipmproizvodi.com\/eu\/wp-json\/wp\/v2\/product"}],"about":[{"href":"https:\/\/ipmproizvodi.com\/eu\/wp-json\/wp\/v2\/types\/product"}],"wp:featuredmedia":[{"embeddable":true,"href":"https:\/\/ipmproizvodi.com\/eu\/wp-json\/wp\/v2\/media\/397"}],"wp:attachment":[{"href":"https:\/\/ipmproizvodi.com\/eu\/wp-json\/wp\/v2\/media?parent=396"}],"wp:term":[{"taxonomy":"product_cat","embeddable":true,"href":"https:\/\/ipmproizvodi.com\/eu\/wp-json\/wp\/v2\/product_cat?post=396"},{"taxonomy":"product_tag","embeddable":true,"href":"https:\/\/ipmproizvodi.com\/eu\/wp-json\/wp\/v2\/product_tag?post=396"}],"curies":[{"name":"wp","href":"https:\/\/api.w.org\/{rel}","templated":true}]}}