{"id":423,"date":"2015-01-06T22:14:28","date_gmt":"2015-01-06T21:14:28","guid":{"rendered":"http:\/\/ipmproizvodi.com\/eu\/?post_type=product&#038;p=423"},"modified":"2025-02-18T09:21:59","modified_gmt":"2025-02-18T08:21:59","slug":"kondomi-ne-rade","status":"publish","type":"product","link":"https:\/\/ipmproizvodi.com\/eu\/proizvod\/kondomi-ne-rade\/","title":{"rendered":"Kondomi ne rade"},"content":{"rendered":"<p>Da li znate da 12% ameri\u010dkih, i 21% ne-ameri\u010dkih prezervativa ima na sebi rupe veli\u010dine 5 mikrona, a da je virus side pre\u010dnika samo 0,1 mikron? Da li znate da \u017eene \u010diji mu\u017eevi koriste prezervativ ostaju u drugom stanju u 14% slu\u010dajeva? Da li je prezervativ sredstvo za \u0161irenje side?<\/p>\n","protected":false},"excerpt":{"rendered":"<p>&#8211; Da li su kondomi sredstvo za \u0161irenje side?<\/p>\n<p><strong style=\"line-height: 1.5;\">Autor:<\/strong><span style=\"line-height: 1.5;\"> dr Lorin Dej<\/span><\/p>\n<p><strong>Povez:<\/strong> meki<\/p>\n<p><strong>Broj strana:<\/strong> 28 strana<\/p>\n<p><strong>Format:<\/strong> A5 (21 x 14,5 cm)<\/p>\n","protected":false},"featured_media":424,"template":"","meta":[],"product_cat":[38],"product_tag":[],"class_list":{"0":"post-423","1":"product","2":"type-product","3":"status-publish","4":"has-post-thumbnail","6":"product_cat-knjige","8":"first","9":"instock","10":"shipping-taxable","11":"purchasable","12":"product-type-simple"},"_links":{"self":[{"href":"https:\/\/ipmproizvodi.com\/eu\/wp-json\/wp\/v2\/product\/423","targetHints":{"allow":["GET"]}}],"collection":[{"href":"https:\/\/ipmproizvodi.com\/eu\/wp-json\/wp\/v2\/product"}],"about":[{"href":"https:\/\/ipmproizvodi.com\/eu\/wp-json\/wp\/v2\/types\/product"}],"wp:featuredmedia":[{"embeddable":true,"href":"https:\/\/ipmproizvodi.com\/eu\/wp-json\/wp\/v2\/media\/424"}],"wp:attachment":[{"href":"https:\/\/ipmproizvodi.com\/eu\/wp-json\/wp\/v2\/media?parent=423"}],"wp:term":[{"taxonomy":"product_cat","embeddable":true,"href":"https:\/\/ipmproizvodi.com\/eu\/wp-json\/wp\/v2\/product_cat?post=423"},{"taxonomy":"product_tag","embeddable":true,"href":"https:\/\/ipmproizvodi.com\/eu\/wp-json\/wp\/v2\/product_tag?post=423"}],"curies":[{"name":"wp","href":"https:\/\/api.w.org\/{rel}","templated":true}]}}